{"id":4610,"date":"2024-08-28T14:38:44","date_gmt":"2024-08-28T14:38:44","guid":{"rendered":"https:\/\/colmef.com\/?post_type=product&#038;p=4610"},"modified":"2024-10-17T14:41:03","modified_gmt":"2024-10-17T14:41:03","slug":"rompigoccia-as","status":"publish","type":"product","link":"https:\/\/colmef.com\/fr\/prodotto\/rompigoccia-as\/","title":{"rendered":"Rompigoccia AS"},"content":{"rendered":"<p class=\"p1\">Coin \u00ab\u00a0protub\u00e9rance\u00a0\u00bb m\u00e9daillon avec le filet de fibre de verre soud\u00e9 \u00e0 la chaleur. Le profil en plastique est visible, de mani\u00e8re \u00e0 rendre la surface homog\u00e8ne \u00e0 la fin de la peinture; utilis\u00e9 pour le renforcement et la protection des coins horizontaux tels que linteaux, balcons, \u00e9l\u00e9ments en porte-\u00e0-faux, etc.; peint.<\/p>\n","protected":false},"excerpt":{"rendered":"<p class=\"p1\">Coin \u00ab\u00a0protub\u00e9rance\u00a0\u00bb m\u00e9daillon avec le filet de fibre de verre soud\u00e9 \u00e0 la chaleur.<\/p>\n","protected":false},"featured_media":4586,"template":"","meta":{"_acf_changed":false},"product_brand":[],"product_cat":[1774],"product_tag":[],"class_list":{"0":"post-4610","1":"product","2":"type-product","3":"status-publish","4":"has-post-thumbnail","6":"product_cat-sistema-isotherm-fr","8":"first","9":"instock","10":"shipping-taxable","11":"product-type-simple"},"acf":[],"yoast_head":"<!-- This site is optimized with the Yoast SEO plugin v25.3.1 - https:\/\/yoast.com\/wordpress\/plugins\/seo\/ -->\n<title>Rompigoccia AS - Colmef<\/title>\n<meta name=\"description\" content=\"Membrana cementizia monocomponente, fibrorinforzata, elastica, garantita per l&#039;impermeabilizzazione di superfici cementizie.\" \/>\n<meta name=\"robots\" content=\"index, follow, max-snippet:-1, max-image-preview:large, max-video-preview:-1\" \/>\n<link rel=\"canonical\" href=\"https:\/\/colmef.com\/fr\/prodotto\/rompigoccia-as\/\" \/>\n<meta property=\"og:locale\" content=\"fr_FR\" \/>\n<meta property=\"og:type\" content=\"article\" \/>\n<meta property=\"og:title\" content=\"Rompigoccia AS - Colmef\" \/>\n<meta property=\"og:description\" content=\"Membrana cementizia monocomponente, fibrorinforzata, elastica, garantita per l&#039;impermeabilizzazione di superfici cementizie.\" \/>\n<meta property=\"og:url\" content=\"https:\/\/colmef.com\/fr\/prodotto\/rompigoccia-as\/\" \/>\n<meta property=\"og:site_name\" content=\"Colmef\" \/>\n<meta property=\"article:modified_time\" content=\"2024-10-17T14:41:03+00:00\" \/>\n<meta property=\"og:image\" content=\"https:\/\/colmef.com\/wp-content\/uploads\/2024\/08\/Rompigoccia-AS.jpg\" \/>\n\t<meta property=\"og:image:width\" content=\"1500\" \/>\n\t<meta property=\"og:image:height\" content=\"1500\" \/>\n\t<meta property=\"og:image:type\" content=\"image\/jpeg\" \/>\n<meta name=\"twitter:card\" content=\"summary_large_image\" \/>\n<meta name=\"twitter:label1\" content=\"Dur\u00e9e de lecture estim\u00e9e\" \/>\n\t<meta name=\"twitter:data1\" content=\"1 minute\" \/>\n<script type=\"application\/ld+json\" class=\"yoast-schema-graph\">{\"@context\":\"https:\/\/schema.org\",\"@graph\":[{\"@type\":\"WebPage\",\"@id\":\"https:\/\/colmef.com\/fr\/prodotto\/rompigoccia-as\/\",\"url\":\"https:\/\/colmef.com\/fr\/prodotto\/rompigoccia-as\/\",\"name\":\"Rompigoccia AS - Colmef\",\"isPartOf\":{\"@id\":\"https:\/\/colmef.com\/fr\/#website\"},\"primaryImageOfPage\":{\"@id\":\"https:\/\/colmef.com\/fr\/prodotto\/rompigoccia-as\/#primaryimage\"},\"image\":{\"@id\":\"https:\/\/colmef.com\/fr\/prodotto\/rompigoccia-as\/#primaryimage\"},\"thumbnailUrl\":\"https:\/\/colmef.com\/wp-content\/uploads\/2024\/08\/Rompigoccia-AS.jpg\",\"datePublished\":\"2024-08-28T14:38:44+00:00\",\"dateModified\":\"2024-10-17T14:41:03+00:00\",\"description\":\"Membrana cementizia monocomponente, fibrorinforzata, elastica, garantita per l'impermeabilizzazione di superfici cementizie.\",\"breadcrumb\":{\"@id\":\"https:\/\/colmef.com\/fr\/prodotto\/rompigoccia-as\/#breadcrumb\"},\"inLanguage\":\"fr-FR\",\"potentialAction\":[{\"@type\":\"ReadAction\",\"target\":[\"https:\/\/colmef.com\/fr\/prodotto\/rompigoccia-as\/\"]}]},{\"@type\":\"ImageObject\",\"inLanguage\":\"fr-FR\",\"@id\":\"https:\/\/colmef.com\/fr\/prodotto\/rompigoccia-as\/#primaryimage\",\"url\":\"https:\/\/colmef.com\/wp-content\/uploads\/2024\/08\/Rompigoccia-AS.jpg\",\"contentUrl\":\"https:\/\/colmef.com\/wp-content\/uploads\/2024\/08\/Rompigoccia-AS.jpg\",\"width\":1500,\"height\":1500},{\"@type\":\"BreadcrumbList\",\"@id\":\"https:\/\/colmef.com\/fr\/prodotto\/rompigoccia-as\/#breadcrumb\",\"itemListElement\":[{\"@type\":\"ListItem\",\"position\":1,\"name\":\"Home\",\"item\":\"https:\/\/colmef.com\/fr\/\"},{\"@type\":\"ListItem\",\"position\":2,\"name\":\"Produits\",\"item\":\"https:\/\/colmef.com\/fr\/produits\/\"},{\"@type\":\"ListItem\",\"position\":3,\"name\":\"Rompigoccia AS\"}]},{\"@type\":\"WebSite\",\"@id\":\"https:\/\/colmef.com\/fr\/#website\",\"url\":\"https:\/\/colmef.com\/fr\/\",\"name\":\"Colmef\",\"description\":\"Building Better\",\"potentialAction\":[{\"@type\":\"SearchAction\",\"target\":{\"@type\":\"EntryPoint\",\"urlTemplate\":\"https:\/\/colmef.com\/fr\/?s={search_term_string}\"},\"query-input\":{\"@type\":\"PropertyValueSpecification\",\"valueRequired\":true,\"valueName\":\"search_term_string\"}}],\"inLanguage\":\"fr-FR\"}]}<\/script>\n<!-- \/ Yoast SEO plugin. -->","yoast_head_json":{"title":"Rompigoccia AS - Colmef","description":"Membrana cementizia monocomponente, fibrorinforzata, elastica, garantita per l'impermeabilizzazione di superfici cementizie.","robots":{"index":"index","follow":"follow","max-snippet":"max-snippet:-1","max-image-preview":"max-image-preview:large","max-video-preview":"max-video-preview:-1"},"canonical":"https:\/\/colmef.com\/fr\/prodotto\/rompigoccia-as\/","og_locale":"fr_FR","og_type":"article","og_title":"Rompigoccia AS - Colmef","og_description":"Membrana cementizia monocomponente, fibrorinforzata, elastica, garantita per l'impermeabilizzazione di superfici cementizie.","og_url":"https:\/\/colmef.com\/fr\/prodotto\/rompigoccia-as\/","og_site_name":"Colmef","article_modified_time":"2024-10-17T14:41:03+00:00","og_image":[{"width":1500,"height":1500,"url":"https:\/\/colmef.com\/wp-content\/uploads\/2024\/08\/Rompigoccia-AS.jpg","type":"image\/jpeg"}],"twitter_card":"summary_large_image","twitter_misc":{"Dur\u00e9e de lecture estim\u00e9e":"1 minute"},"schema":{"@context":"https:\/\/schema.org","@graph":[{"@type":"WebPage","@id":"https:\/\/colmef.com\/fr\/prodotto\/rompigoccia-as\/","url":"https:\/\/colmef.com\/fr\/prodotto\/rompigoccia-as\/","name":"Rompigoccia AS - Colmef","isPartOf":{"@id":"https:\/\/colmef.com\/fr\/#website"},"primaryImageOfPage":{"@id":"https:\/\/colmef.com\/fr\/prodotto\/rompigoccia-as\/#primaryimage"},"image":{"@id":"https:\/\/colmef.com\/fr\/prodotto\/rompigoccia-as\/#primaryimage"},"thumbnailUrl":"https:\/\/colmef.com\/wp-content\/uploads\/2024\/08\/Rompigoccia-AS.jpg","datePublished":"2024-08-28T14:38:44+00:00","dateModified":"2024-10-17T14:41:03+00:00","description":"Membrana cementizia monocomponente, fibrorinforzata, elastica, garantita per l'impermeabilizzazione di superfici cementizie.","breadcrumb":{"@id":"https:\/\/colmef.com\/fr\/prodotto\/rompigoccia-as\/#breadcrumb"},"inLanguage":"fr-FR","potentialAction":[{"@type":"ReadAction","target":["https:\/\/colmef.com\/fr\/prodotto\/rompigoccia-as\/"]}]},{"@type":"ImageObject","inLanguage":"fr-FR","@id":"https:\/\/colmef.com\/fr\/prodotto\/rompigoccia-as\/#primaryimage","url":"https:\/\/colmef.com\/wp-content\/uploads\/2024\/08\/Rompigoccia-AS.jpg","contentUrl":"https:\/\/colmef.com\/wp-content\/uploads\/2024\/08\/Rompigoccia-AS.jpg","width":1500,"height":1500},{"@type":"BreadcrumbList","@id":"https:\/\/colmef.com\/fr\/prodotto\/rompigoccia-as\/#breadcrumb","itemListElement":[{"@type":"ListItem","position":1,"name":"Home","item":"https:\/\/colmef.com\/fr\/"},{"@type":"ListItem","position":2,"name":"Produits","item":"https:\/\/colmef.com\/fr\/produits\/"},{"@type":"ListItem","position":3,"name":"Rompigoccia AS"}]},{"@type":"WebSite","@id":"https:\/\/colmef.com\/fr\/#website","url":"https:\/\/colmef.com\/fr\/","name":"Colmef","description":"Building Better","potentialAction":[{"@type":"SearchAction","target":{"@type":"EntryPoint","urlTemplate":"https:\/\/colmef.com\/fr\/?s={search_term_string}"},"query-input":{"@type":"PropertyValueSpecification","valueRequired":true,"valueName":"search_term_string"}}],"inLanguage":"fr-FR"}]}},"_links":{"self":[{"href":"https:\/\/colmef.com\/fr\/wp-json\/wp\/v2\/product\/4610","targetHints":{"allow":["GET"]}}],"collection":[{"href":"https:\/\/colmef.com\/fr\/wp-json\/wp\/v2\/product"}],"about":[{"href":"https:\/\/colmef.com\/fr\/wp-json\/wp\/v2\/types\/product"}],"wp:featuredmedia":[{"embeddable":true,"href":"https:\/\/colmef.com\/fr\/wp-json\/wp\/v2\/media\/4586"}],"wp:attachment":[{"href":"https:\/\/colmef.com\/fr\/wp-json\/wp\/v2\/media?parent=4610"}],"wp:term":[{"taxonomy":"product_brand","embeddable":true,"href":"https:\/\/colmef.com\/fr\/wp-json\/wp\/v2\/product_brand?post=4610"},{"taxonomy":"product_cat","embeddable":true,"href":"https:\/\/colmef.com\/fr\/wp-json\/wp\/v2\/product_cat?post=4610"},{"taxonomy":"product_tag","embeddable":true,"href":"https:\/\/colmef.com\/fr\/wp-json\/wp\/v2\/product_tag?post=4610"}],"curies":[{"name":"wp","href":"https:\/\/api.w.org\/{rel}","templated":true}]}}