{"id":4607,"date":"2024-08-28T14:37:40","date_gmt":"2024-08-28T14:37:40","guid":{"rendered":"https:\/\/colmef.com\/?post_type=product&#038;p=4607"},"modified":"2024-10-17T14:39:23","modified_gmt":"2024-10-17T14:39:23","slug":"angolare-arco","status":"publish","type":"product","link":"https:\/\/colmef.com\/fr\/prodotto\/angolare-arco\/","title":{"rendered":"Angolare Arco"},"content":{"rendered":"<p class=\"p1\">Utilis\u00e9 dans les coins de bardage, il facilite la pose et la connexion avec des surfaces en pr\u00e9sence de formes architecturales d\u2019arc.<\/p>\n","protected":false},"excerpt":{"rendered":"<p class=\"p1\">Coin en PVC avec maille de fibre de verre soud\u00e9e \u00e0 la chaleur \u00e0 l\u2019angle d\u2019un arc.<\/p>\n","protected":false},"featured_media":4574,"template":"","meta":{"_acf_changed":false},"product_brand":[],"product_cat":[1774],"product_tag":[],"class_list":{"0":"post-4607","1":"product","2":"type-product","3":"status-publish","4":"has-post-thumbnail","6":"product_cat-sistema-isotherm-fr","8":"first","9":"instock","10":"shipping-taxable","11":"product-type-simple"},"acf":[],"yoast_head":"<!-- This site is optimized with the Yoast SEO plugin v25.3.1 - https:\/\/yoast.com\/wordpress\/plugins\/seo\/ -->\n<title>Angolare Arco - Colmef<\/title>\n<meta name=\"description\" content=\"Membrana cementizia monocomponente, fibrorinforzata, elastica, garantita per l&#039;impermeabilizzazione di superfici cementizie.\" \/>\n<meta name=\"robots\" content=\"index, follow, max-snippet:-1, max-image-preview:large, max-video-preview:-1\" \/>\n<link rel=\"canonical\" href=\"https:\/\/colmef.com\/fr\/prodotto\/angolare-arco\/\" \/>\n<meta property=\"og:locale\" content=\"fr_FR\" \/>\n<meta property=\"og:type\" content=\"article\" \/>\n<meta property=\"og:title\" content=\"Angolare Arco - Colmef\" \/>\n<meta property=\"og:description\" content=\"Membrana cementizia monocomponente, fibrorinforzata, elastica, garantita per l&#039;impermeabilizzazione di superfici cementizie.\" \/>\n<meta property=\"og:url\" content=\"https:\/\/colmef.com\/fr\/prodotto\/angolare-arco\/\" \/>\n<meta property=\"og:site_name\" content=\"Colmef\" \/>\n<meta property=\"article:modified_time\" content=\"2024-10-17T14:39:23+00:00\" \/>\n<meta property=\"og:image\" content=\"https:\/\/colmef.com\/wp-content\/uploads\/2024\/08\/Angolare-Arco.jpg\" \/>\n\t<meta property=\"og:image:width\" content=\"1500\" \/>\n\t<meta property=\"og:image:height\" content=\"1500\" \/>\n\t<meta property=\"og:image:type\" content=\"image\/jpeg\" \/>\n<meta name=\"twitter:card\" content=\"summary_large_image\" \/>\n<meta name=\"twitter:label1\" content=\"Dur\u00e9e de lecture estim\u00e9e\" \/>\n\t<meta name=\"twitter:data1\" content=\"1 minute\" \/>\n<script type=\"application\/ld+json\" class=\"yoast-schema-graph\">{\"@context\":\"https:\/\/schema.org\",\"@graph\":[{\"@type\":\"WebPage\",\"@id\":\"https:\/\/colmef.com\/fr\/prodotto\/angolare-arco\/\",\"url\":\"https:\/\/colmef.com\/fr\/prodotto\/angolare-arco\/\",\"name\":\"Angolare Arco - Colmef\",\"isPartOf\":{\"@id\":\"https:\/\/colmef.com\/fr\/#website\"},\"primaryImageOfPage\":{\"@id\":\"https:\/\/colmef.com\/fr\/prodotto\/angolare-arco\/#primaryimage\"},\"image\":{\"@id\":\"https:\/\/colmef.com\/fr\/prodotto\/angolare-arco\/#primaryimage\"},\"thumbnailUrl\":\"https:\/\/colmef.com\/wp-content\/uploads\/2024\/08\/Angolare-Arco.jpg\",\"datePublished\":\"2024-08-28T14:37:40+00:00\",\"dateModified\":\"2024-10-17T14:39:23+00:00\",\"description\":\"Membrana cementizia monocomponente, fibrorinforzata, elastica, garantita per l'impermeabilizzazione di superfici cementizie.\",\"breadcrumb\":{\"@id\":\"https:\/\/colmef.com\/fr\/prodotto\/angolare-arco\/#breadcrumb\"},\"inLanguage\":\"fr-FR\",\"potentialAction\":[{\"@type\":\"ReadAction\",\"target\":[\"https:\/\/colmef.com\/fr\/prodotto\/angolare-arco\/\"]}]},{\"@type\":\"ImageObject\",\"inLanguage\":\"fr-FR\",\"@id\":\"https:\/\/colmef.com\/fr\/prodotto\/angolare-arco\/#primaryimage\",\"url\":\"https:\/\/colmef.com\/wp-content\/uploads\/2024\/08\/Angolare-Arco.jpg\",\"contentUrl\":\"https:\/\/colmef.com\/wp-content\/uploads\/2024\/08\/Angolare-Arco.jpg\",\"width\":1500,\"height\":1500},{\"@type\":\"BreadcrumbList\",\"@id\":\"https:\/\/colmef.com\/fr\/prodotto\/angolare-arco\/#breadcrumb\",\"itemListElement\":[{\"@type\":\"ListItem\",\"position\":1,\"name\":\"Home\",\"item\":\"https:\/\/colmef.com\/fr\/\"},{\"@type\":\"ListItem\",\"position\":2,\"name\":\"Produits\",\"item\":\"https:\/\/colmef.com\/fr\/produits\/\"},{\"@type\":\"ListItem\",\"position\":3,\"name\":\"Angolare Arco\"}]},{\"@type\":\"WebSite\",\"@id\":\"https:\/\/colmef.com\/fr\/#website\",\"url\":\"https:\/\/colmef.com\/fr\/\",\"name\":\"Colmef\",\"description\":\"Building Better\",\"potentialAction\":[{\"@type\":\"SearchAction\",\"target\":{\"@type\":\"EntryPoint\",\"urlTemplate\":\"https:\/\/colmef.com\/fr\/?s={search_term_string}\"},\"query-input\":{\"@type\":\"PropertyValueSpecification\",\"valueRequired\":true,\"valueName\":\"search_term_string\"}}],\"inLanguage\":\"fr-FR\"}]}<\/script>\n<!-- \/ Yoast SEO plugin. -->","yoast_head_json":{"title":"Angolare Arco - Colmef","description":"Membrana cementizia monocomponente, fibrorinforzata, elastica, garantita per l'impermeabilizzazione di superfici cementizie.","robots":{"index":"index","follow":"follow","max-snippet":"max-snippet:-1","max-image-preview":"max-image-preview:large","max-video-preview":"max-video-preview:-1"},"canonical":"https:\/\/colmef.com\/fr\/prodotto\/angolare-arco\/","og_locale":"fr_FR","og_type":"article","og_title":"Angolare Arco - Colmef","og_description":"Membrana cementizia monocomponente, fibrorinforzata, elastica, garantita per l'impermeabilizzazione di superfici cementizie.","og_url":"https:\/\/colmef.com\/fr\/prodotto\/angolare-arco\/","og_site_name":"Colmef","article_modified_time":"2024-10-17T14:39:23+00:00","og_image":[{"width":1500,"height":1500,"url":"https:\/\/colmef.com\/wp-content\/uploads\/2024\/08\/Angolare-Arco.jpg","type":"image\/jpeg"}],"twitter_card":"summary_large_image","twitter_misc":{"Dur\u00e9e de lecture estim\u00e9e":"1 minute"},"schema":{"@context":"https:\/\/schema.org","@graph":[{"@type":"WebPage","@id":"https:\/\/colmef.com\/fr\/prodotto\/angolare-arco\/","url":"https:\/\/colmef.com\/fr\/prodotto\/angolare-arco\/","name":"Angolare Arco - Colmef","isPartOf":{"@id":"https:\/\/colmef.com\/fr\/#website"},"primaryImageOfPage":{"@id":"https:\/\/colmef.com\/fr\/prodotto\/angolare-arco\/#primaryimage"},"image":{"@id":"https:\/\/colmef.com\/fr\/prodotto\/angolare-arco\/#primaryimage"},"thumbnailUrl":"https:\/\/colmef.com\/wp-content\/uploads\/2024\/08\/Angolare-Arco.jpg","datePublished":"2024-08-28T14:37:40+00:00","dateModified":"2024-10-17T14:39:23+00:00","description":"Membrana cementizia monocomponente, fibrorinforzata, elastica, garantita per l'impermeabilizzazione di superfici cementizie.","breadcrumb":{"@id":"https:\/\/colmef.com\/fr\/prodotto\/angolare-arco\/#breadcrumb"},"inLanguage":"fr-FR","potentialAction":[{"@type":"ReadAction","target":["https:\/\/colmef.com\/fr\/prodotto\/angolare-arco\/"]}]},{"@type":"ImageObject","inLanguage":"fr-FR","@id":"https:\/\/colmef.com\/fr\/prodotto\/angolare-arco\/#primaryimage","url":"https:\/\/colmef.com\/wp-content\/uploads\/2024\/08\/Angolare-Arco.jpg","contentUrl":"https:\/\/colmef.com\/wp-content\/uploads\/2024\/08\/Angolare-Arco.jpg","width":1500,"height":1500},{"@type":"BreadcrumbList","@id":"https:\/\/colmef.com\/fr\/prodotto\/angolare-arco\/#breadcrumb","itemListElement":[{"@type":"ListItem","position":1,"name":"Home","item":"https:\/\/colmef.com\/fr\/"},{"@type":"ListItem","position":2,"name":"Produits","item":"https:\/\/colmef.com\/fr\/produits\/"},{"@type":"ListItem","position":3,"name":"Angolare Arco"}]},{"@type":"WebSite","@id":"https:\/\/colmef.com\/fr\/#website","url":"https:\/\/colmef.com\/fr\/","name":"Colmef","description":"Building Better","potentialAction":[{"@type":"SearchAction","target":{"@type":"EntryPoint","urlTemplate":"https:\/\/colmef.com\/fr\/?s={search_term_string}"},"query-input":{"@type":"PropertyValueSpecification","valueRequired":true,"valueName":"search_term_string"}}],"inLanguage":"fr-FR"}]}},"_links":{"self":[{"href":"https:\/\/colmef.com\/fr\/wp-json\/wp\/v2\/product\/4607","targetHints":{"allow":["GET"]}}],"collection":[{"href":"https:\/\/colmef.com\/fr\/wp-json\/wp\/v2\/product"}],"about":[{"href":"https:\/\/colmef.com\/fr\/wp-json\/wp\/v2\/types\/product"}],"wp:featuredmedia":[{"embeddable":true,"href":"https:\/\/colmef.com\/fr\/wp-json\/wp\/v2\/media\/4574"}],"wp:attachment":[{"href":"https:\/\/colmef.com\/fr\/wp-json\/wp\/v2\/media?parent=4607"}],"wp:term":[{"taxonomy":"product_brand","embeddable":true,"href":"https:\/\/colmef.com\/fr\/wp-json\/wp\/v2\/product_brand?post=4607"},{"taxonomy":"product_cat","embeddable":true,"href":"https:\/\/colmef.com\/fr\/wp-json\/wp\/v2\/product_cat?post=4607"},{"taxonomy":"product_tag","embeddable":true,"href":"https:\/\/colmef.com\/fr\/wp-json\/wp\/v2\/product_tag?post=4607"}],"curies":[{"name":"wp","href":"https:\/\/api.w.org\/{rel}","templated":true}]}}