{"id":2790,"date":"2024-06-13T06:38:14","date_gmt":"2024-06-13T06:38:14","guid":{"rendered":"https:\/\/colmef.com\/?post_type=product&#038;p=2790"},"modified":"2024-09-18T07:53:59","modified_gmt":"2024-09-18T07:53:59","slug":"aquafix-ultra-ab","status":"publish","type":"product","link":"https:\/\/colmef.com\/fr\/prodotto\/aquafix-ultra-ab\/","title":{"rendered":"Aquafix Ultra (A+B)"},"content":{"rendered":"<p class=\"p1\">Collage et scellement des chevauchements entre les g\u00e9omembranes G-TEX et tous les \u00e9l\u00e9ments G-TEX STRIP; collage et scellement des g\u00e9omembranes G-TEX sur surfaces non absorbantes telles que le m\u00e9tal, le plastique, les supports synth\u00e9tiques, le bois trait\u00e9 ou sensible \u00e0 l&rsquo;eau.<\/p>\n","protected":false},"excerpt":{"rendered":"<p class=\"p1\">Adh\u00e9sif bicomposant r\u00e9actif, sans solvants ni substances dangereuses, avec une excellente r\u00e9sistance au vieillissement et aux conditions atmosph\u00e9riques. Pour utilisation professionnelle.<\/p>\n<p align=\"justify\"><strong>DONN\u00c9ES TECHNIQUES<\/strong><\/p>\n<div align=\"justify\">\n<p><strong>\u203a Rendement comme adh\u00e9sif:<\/strong> 800-1500 g\/m2<br \/>\n<strong>\u203a Rendement comme scellant:<\/strong> 200 g\/m2<br \/>\n<strong>\u203a Application:<\/strong> spatule dent\u00e9e<br \/>\n<strong>\u203a Couleur<\/strong>: beige<br \/>\n<strong>\u203a Emballage<\/strong>: seau 4,5 kg + bouteille 0,5 kg<\/p>\n<\/div>\n","protected":false},"featured_media":2797,"template":"","meta":{"_acf_changed":false},"product_brand":[],"product_cat":[1732,1727],"product_tag":[],"class_list":{"0":"post-2790","1":"product","2":"type-product","3":"status-publish","4":"has-post-thumbnail","6":"product_cat-ligne-geodry","7":"product_cat-produits-impermeabilisants-et-protecteurs","9":"first","10":"instock","11":"shipping-taxable","12":"product-type-simple"},"acf":[],"yoast_head":"<!-- This site is optimized with the Yoast SEO plugin v25.3.1 - https:\/\/yoast.com\/wordpress\/plugins\/seo\/ -->\n<title>Aquafix Ultra (A+B) - Colmef<\/title>\n<meta name=\"description\" content=\"Adesivo minerale ad aderenza migliorata, deformabile, scivolamento verticale nullo, tempo aperto allungato e ottima lavorabilit\u00e0.\" \/>\n<meta name=\"robots\" content=\"index, follow, max-snippet:-1, max-image-preview:large, max-video-preview:-1\" \/>\n<link rel=\"canonical\" href=\"https:\/\/colmef.com\/fr\/prodotto\/aquafix-ultra-ab\/\" \/>\n<meta property=\"og:locale\" content=\"fr_FR\" \/>\n<meta property=\"og:type\" content=\"article\" \/>\n<meta property=\"og:title\" content=\"Aquafix Ultra (A+B) - Colmef\" \/>\n<meta property=\"og:description\" content=\"Adesivo minerale ad aderenza migliorata, deformabile, scivolamento verticale nullo, tempo aperto allungato e ottima lavorabilit\u00e0.\" \/>\n<meta property=\"og:url\" content=\"https:\/\/colmef.com\/fr\/prodotto\/aquafix-ultra-ab\/\" \/>\n<meta property=\"og:site_name\" content=\"Colmef\" \/>\n<meta property=\"article:modified_time\" content=\"2024-09-18T07:53:59+00:00\" \/>\n<meta property=\"og:image\" content=\"https:\/\/colmef.com\/wp-content\/uploads\/2024\/06\/aquafixultra.png\" \/>\n\t<meta property=\"og:image:width\" content=\"1500\" \/>\n\t<meta property=\"og:image:height\" content=\"1500\" \/>\n\t<meta property=\"og:image:type\" content=\"image\/png\" \/>\n<meta name=\"twitter:card\" content=\"summary_large_image\" \/>\n<meta name=\"twitter:label1\" content=\"Dur\u00e9e de lecture estim\u00e9e\" \/>\n\t<meta name=\"twitter:data1\" content=\"1 minute\" \/>\n<script type=\"application\/ld+json\" class=\"yoast-schema-graph\">{\"@context\":\"https:\/\/schema.org\",\"@graph\":[{\"@type\":\"WebPage\",\"@id\":\"https:\/\/colmef.com\/fr\/prodotto\/aquafix-ultra-ab\/\",\"url\":\"https:\/\/colmef.com\/fr\/prodotto\/aquafix-ultra-ab\/\",\"name\":\"Aquafix Ultra (A+B) - Colmef\",\"isPartOf\":{\"@id\":\"https:\/\/colmef.com\/fr\/#website\"},\"primaryImageOfPage\":{\"@id\":\"https:\/\/colmef.com\/fr\/prodotto\/aquafix-ultra-ab\/#primaryimage\"},\"image\":{\"@id\":\"https:\/\/colmef.com\/fr\/prodotto\/aquafix-ultra-ab\/#primaryimage\"},\"thumbnailUrl\":\"https:\/\/colmef.com\/wp-content\/uploads\/2024\/06\/aquafixultra.png\",\"datePublished\":\"2024-06-13T06:38:14+00:00\",\"dateModified\":\"2024-09-18T07:53:59+00:00\",\"description\":\"Adesivo minerale ad aderenza migliorata, deformabile, scivolamento verticale nullo, tempo aperto allungato e ottima lavorabilit\u00e0.\",\"breadcrumb\":{\"@id\":\"https:\/\/colmef.com\/fr\/prodotto\/aquafix-ultra-ab\/#breadcrumb\"},\"inLanguage\":\"fr-FR\",\"potentialAction\":[{\"@type\":\"ReadAction\",\"target\":[\"https:\/\/colmef.com\/fr\/prodotto\/aquafix-ultra-ab\/\"]}]},{\"@type\":\"ImageObject\",\"inLanguage\":\"fr-FR\",\"@id\":\"https:\/\/colmef.com\/fr\/prodotto\/aquafix-ultra-ab\/#primaryimage\",\"url\":\"https:\/\/colmef.com\/wp-content\/uploads\/2024\/06\/aquafixultra.png\",\"contentUrl\":\"https:\/\/colmef.com\/wp-content\/uploads\/2024\/06\/aquafixultra.png\",\"width\":1500,\"height\":1500},{\"@type\":\"BreadcrumbList\",\"@id\":\"https:\/\/colmef.com\/fr\/prodotto\/aquafix-ultra-ab\/#breadcrumb\",\"itemListElement\":[{\"@type\":\"ListItem\",\"position\":1,\"name\":\"Home\",\"item\":\"https:\/\/colmef.com\/fr\/\"},{\"@type\":\"ListItem\",\"position\":2,\"name\":\"Produits\",\"item\":\"https:\/\/colmef.com\/fr\/produits\/\"},{\"@type\":\"ListItem\",\"position\":3,\"name\":\"Aquafix Ultra (A+B)\"}]},{\"@type\":\"WebSite\",\"@id\":\"https:\/\/colmef.com\/fr\/#website\",\"url\":\"https:\/\/colmef.com\/fr\/\",\"name\":\"Colmef\",\"description\":\"Building Better\",\"potentialAction\":[{\"@type\":\"SearchAction\",\"target\":{\"@type\":\"EntryPoint\",\"urlTemplate\":\"https:\/\/colmef.com\/fr\/?s={search_term_string}\"},\"query-input\":{\"@type\":\"PropertyValueSpecification\",\"valueRequired\":true,\"valueName\":\"search_term_string\"}}],\"inLanguage\":\"fr-FR\"}]}<\/script>\n<!-- \/ Yoast SEO plugin. -->","yoast_head_json":{"title":"Aquafix Ultra (A+B) - Colmef","description":"Adesivo minerale ad aderenza migliorata, deformabile, scivolamento verticale nullo, tempo aperto allungato e ottima lavorabilit\u00e0.","robots":{"index":"index","follow":"follow","max-snippet":"max-snippet:-1","max-image-preview":"max-image-preview:large","max-video-preview":"max-video-preview:-1"},"canonical":"https:\/\/colmef.com\/fr\/prodotto\/aquafix-ultra-ab\/","og_locale":"fr_FR","og_type":"article","og_title":"Aquafix Ultra (A+B) - Colmef","og_description":"Adesivo minerale ad aderenza migliorata, deformabile, scivolamento verticale nullo, tempo aperto allungato e ottima lavorabilit\u00e0.","og_url":"https:\/\/colmef.com\/fr\/prodotto\/aquafix-ultra-ab\/","og_site_name":"Colmef","article_modified_time":"2024-09-18T07:53:59+00:00","og_image":[{"width":1500,"height":1500,"url":"https:\/\/colmef.com\/wp-content\/uploads\/2024\/06\/aquafixultra.png","type":"image\/png"}],"twitter_card":"summary_large_image","twitter_misc":{"Dur\u00e9e de lecture estim\u00e9e":"1 minute"},"schema":{"@context":"https:\/\/schema.org","@graph":[{"@type":"WebPage","@id":"https:\/\/colmef.com\/fr\/prodotto\/aquafix-ultra-ab\/","url":"https:\/\/colmef.com\/fr\/prodotto\/aquafix-ultra-ab\/","name":"Aquafix Ultra (A+B) - Colmef","isPartOf":{"@id":"https:\/\/colmef.com\/fr\/#website"},"primaryImageOfPage":{"@id":"https:\/\/colmef.com\/fr\/prodotto\/aquafix-ultra-ab\/#primaryimage"},"image":{"@id":"https:\/\/colmef.com\/fr\/prodotto\/aquafix-ultra-ab\/#primaryimage"},"thumbnailUrl":"https:\/\/colmef.com\/wp-content\/uploads\/2024\/06\/aquafixultra.png","datePublished":"2024-06-13T06:38:14+00:00","dateModified":"2024-09-18T07:53:59+00:00","description":"Adesivo minerale ad aderenza migliorata, deformabile, scivolamento verticale nullo, tempo aperto allungato e ottima lavorabilit\u00e0.","breadcrumb":{"@id":"https:\/\/colmef.com\/fr\/prodotto\/aquafix-ultra-ab\/#breadcrumb"},"inLanguage":"fr-FR","potentialAction":[{"@type":"ReadAction","target":["https:\/\/colmef.com\/fr\/prodotto\/aquafix-ultra-ab\/"]}]},{"@type":"ImageObject","inLanguage":"fr-FR","@id":"https:\/\/colmef.com\/fr\/prodotto\/aquafix-ultra-ab\/#primaryimage","url":"https:\/\/colmef.com\/wp-content\/uploads\/2024\/06\/aquafixultra.png","contentUrl":"https:\/\/colmef.com\/wp-content\/uploads\/2024\/06\/aquafixultra.png","width":1500,"height":1500},{"@type":"BreadcrumbList","@id":"https:\/\/colmef.com\/fr\/prodotto\/aquafix-ultra-ab\/#breadcrumb","itemListElement":[{"@type":"ListItem","position":1,"name":"Home","item":"https:\/\/colmef.com\/fr\/"},{"@type":"ListItem","position":2,"name":"Produits","item":"https:\/\/colmef.com\/fr\/produits\/"},{"@type":"ListItem","position":3,"name":"Aquafix Ultra (A+B)"}]},{"@type":"WebSite","@id":"https:\/\/colmef.com\/fr\/#website","url":"https:\/\/colmef.com\/fr\/","name":"Colmef","description":"Building Better","potentialAction":[{"@type":"SearchAction","target":{"@type":"EntryPoint","urlTemplate":"https:\/\/colmef.com\/fr\/?s={search_term_string}"},"query-input":{"@type":"PropertyValueSpecification","valueRequired":true,"valueName":"search_term_string"}}],"inLanguage":"fr-FR"}]}},"_links":{"self":[{"href":"https:\/\/colmef.com\/fr\/wp-json\/wp\/v2\/product\/2790","targetHints":{"allow":["GET"]}}],"collection":[{"href":"https:\/\/colmef.com\/fr\/wp-json\/wp\/v2\/product"}],"about":[{"href":"https:\/\/colmef.com\/fr\/wp-json\/wp\/v2\/types\/product"}],"wp:featuredmedia":[{"embeddable":true,"href":"https:\/\/colmef.com\/fr\/wp-json\/wp\/v2\/media\/2797"}],"wp:attachment":[{"href":"https:\/\/colmef.com\/fr\/wp-json\/wp\/v2\/media?parent=2790"}],"wp:term":[{"taxonomy":"product_brand","embeddable":true,"href":"https:\/\/colmef.com\/fr\/wp-json\/wp\/v2\/product_brand?post=2790"},{"taxonomy":"product_cat","embeddable":true,"href":"https:\/\/colmef.com\/fr\/wp-json\/wp\/v2\/product_cat?post=2790"},{"taxonomy":"product_tag","embeddable":true,"href":"https:\/\/colmef.com\/fr\/wp-json\/wp\/v2\/product_tag?post=2790"}],"curies":[{"name":"wp","href":"https:\/\/api.w.org\/{rel}","templated":true}]}}