{"id":2753,"date":"2024-06-11T07:11:09","date_gmt":"2024-06-11T07:11:09","guid":{"rendered":"https:\/\/colmef.com\/?post_type=product&#038;p=2753"},"modified":"2024-09-18T07:26:58","modified_gmt":"2024-09-18T07:26:58","slug":"g-tex-strip-h12","status":"publish","type":"product","link":"https:\/\/colmef.com\/fr\/prodotto\/g-tex-strip-h12\/","title":{"rendered":"G-tex Strip H12"},"content":{"rendered":"<p class=\"p1\">Scellement des joints d&rsquo;accouplement entre les g\u00e9omembranes G-TEX.<\/p>\n","protected":false},"excerpt":{"rendered":"<p class=\"p1\">Bande imperm\u00e9able \u00e9lastique en FPO r\u00e9sistante aux alcalis.<\/p>\n<p><strong>DONN\u00c9ES TECHNIQUES<\/strong><\/p>\n<p><strong>\u203a Format:<\/strong> 0,12 x 25 m<\/p>\n","protected":false},"featured_media":2762,"template":"","meta":{"_acf_changed":false},"product_brand":[],"product_cat":[1732,1727],"product_tag":[],"class_list":{"0":"post-2753","1":"product","2":"type-product","3":"status-publish","4":"has-post-thumbnail","6":"product_cat-ligne-geodry","7":"product_cat-produits-impermeabilisants-et-protecteurs","9":"first","10":"instock","11":"shipping-taxable","12":"product-type-simple"},"acf":[],"yoast_head":"<!-- This site is optimized with the Yoast SEO plugin v25.3.1 - https:\/\/yoast.com\/wordpress\/plugins\/seo\/ -->\n<title>G-tex Strip H12 - Colmef<\/title>\n<meta name=\"description\" content=\"Membrana antifrattura, permanentemente elastica, resistente alle fessure statiche e dinamiche, per la realizzazione di sistemi desolidarizzanti su strutture orizzontali in calcestruzzo, cemento o legno rifinite con materiali di qualsiasi tipo e dimensione.\" \/>\n<meta name=\"robots\" content=\"index, follow, max-snippet:-1, max-image-preview:large, max-video-preview:-1\" \/>\n<link rel=\"canonical\" href=\"https:\/\/colmef.com\/fr\/prodotto\/g-tex-strip-h12\/\" \/>\n<meta property=\"og:locale\" content=\"fr_FR\" \/>\n<meta property=\"og:type\" content=\"article\" \/>\n<meta property=\"og:title\" content=\"G-tex Strip H12 - Colmef\" \/>\n<meta property=\"og:description\" content=\"Membrana antifrattura, permanentemente elastica, resistente alle fessure statiche e dinamiche, per la realizzazione di sistemi desolidarizzanti su strutture orizzontali in calcestruzzo, cemento o legno rifinite con materiali di qualsiasi tipo e dimensione.\" \/>\n<meta property=\"og:url\" content=\"https:\/\/colmef.com\/fr\/prodotto\/g-tex-strip-h12\/\" \/>\n<meta property=\"og:site_name\" content=\"Colmef\" \/>\n<meta property=\"article:modified_time\" content=\"2024-09-18T07:26:58+00:00\" \/>\n<meta property=\"og:image\" content=\"https:\/\/colmef.com\/wp-content\/uploads\/2024\/06\/g-tex-strip-h12.jpg\" \/>\n\t<meta property=\"og:image:width\" content=\"1500\" \/>\n\t<meta property=\"og:image:height\" content=\"1500\" \/>\n\t<meta property=\"og:image:type\" content=\"image\/jpeg\" \/>\n<meta name=\"twitter:card\" content=\"summary_large_image\" \/>\n<meta name=\"twitter:label1\" content=\"Dur\u00e9e de lecture estim\u00e9e\" \/>\n\t<meta name=\"twitter:data1\" content=\"1 minute\" \/>\n<script type=\"application\/ld+json\" class=\"yoast-schema-graph\">{\"@context\":\"https:\/\/schema.org\",\"@graph\":[{\"@type\":\"WebPage\",\"@id\":\"https:\/\/colmef.com\/fr\/prodotto\/g-tex-strip-h12\/\",\"url\":\"https:\/\/colmef.com\/fr\/prodotto\/g-tex-strip-h12\/\",\"name\":\"G-tex Strip H12 - Colmef\",\"isPartOf\":{\"@id\":\"https:\/\/colmef.com\/fr\/#website\"},\"primaryImageOfPage\":{\"@id\":\"https:\/\/colmef.com\/fr\/prodotto\/g-tex-strip-h12\/#primaryimage\"},\"image\":{\"@id\":\"https:\/\/colmef.com\/fr\/prodotto\/g-tex-strip-h12\/#primaryimage\"},\"thumbnailUrl\":\"https:\/\/colmef.com\/wp-content\/uploads\/2024\/06\/g-tex-strip-h12.jpg\",\"datePublished\":\"2024-06-11T07:11:09+00:00\",\"dateModified\":\"2024-09-18T07:26:58+00:00\",\"description\":\"Membrana antifrattura, permanentemente elastica, resistente alle fessure statiche e dinamiche, per la realizzazione di sistemi desolidarizzanti su strutture orizzontali in calcestruzzo, cemento o legno rifinite con materiali di qualsiasi tipo e dimensione.\",\"breadcrumb\":{\"@id\":\"https:\/\/colmef.com\/fr\/prodotto\/g-tex-strip-h12\/#breadcrumb\"},\"inLanguage\":\"fr-FR\",\"potentialAction\":[{\"@type\":\"ReadAction\",\"target\":[\"https:\/\/colmef.com\/fr\/prodotto\/g-tex-strip-h12\/\"]}]},{\"@type\":\"ImageObject\",\"inLanguage\":\"fr-FR\",\"@id\":\"https:\/\/colmef.com\/fr\/prodotto\/g-tex-strip-h12\/#primaryimage\",\"url\":\"https:\/\/colmef.com\/wp-content\/uploads\/2024\/06\/g-tex-strip-h12.jpg\",\"contentUrl\":\"https:\/\/colmef.com\/wp-content\/uploads\/2024\/06\/g-tex-strip-h12.jpg\",\"width\":1500,\"height\":1500},{\"@type\":\"BreadcrumbList\",\"@id\":\"https:\/\/colmef.com\/fr\/prodotto\/g-tex-strip-h12\/#breadcrumb\",\"itemListElement\":[{\"@type\":\"ListItem\",\"position\":1,\"name\":\"Home\",\"item\":\"https:\/\/colmef.com\/fr\/\"},{\"@type\":\"ListItem\",\"position\":2,\"name\":\"Produits\",\"item\":\"https:\/\/colmef.com\/fr\/produits\/\"},{\"@type\":\"ListItem\",\"position\":3,\"name\":\"G-tex Strip H12\"}]},{\"@type\":\"WebSite\",\"@id\":\"https:\/\/colmef.com\/fr\/#website\",\"url\":\"https:\/\/colmef.com\/fr\/\",\"name\":\"Colmef\",\"description\":\"Building Better\",\"potentialAction\":[{\"@type\":\"SearchAction\",\"target\":{\"@type\":\"EntryPoint\",\"urlTemplate\":\"https:\/\/colmef.com\/fr\/?s={search_term_string}\"},\"query-input\":{\"@type\":\"PropertyValueSpecification\",\"valueRequired\":true,\"valueName\":\"search_term_string\"}}],\"inLanguage\":\"fr-FR\"}]}<\/script>\n<!-- \/ Yoast SEO plugin. -->","yoast_head_json":{"title":"G-tex Strip H12 - Colmef","description":"Membrana antifrattura, permanentemente elastica, resistente alle fessure statiche e dinamiche, per la realizzazione di sistemi desolidarizzanti su strutture orizzontali in calcestruzzo, cemento o legno rifinite con materiali di qualsiasi tipo e dimensione.","robots":{"index":"index","follow":"follow","max-snippet":"max-snippet:-1","max-image-preview":"max-image-preview:large","max-video-preview":"max-video-preview:-1"},"canonical":"https:\/\/colmef.com\/fr\/prodotto\/g-tex-strip-h12\/","og_locale":"fr_FR","og_type":"article","og_title":"G-tex Strip H12 - Colmef","og_description":"Membrana antifrattura, permanentemente elastica, resistente alle fessure statiche e dinamiche, per la realizzazione di sistemi desolidarizzanti su strutture orizzontali in calcestruzzo, cemento o legno rifinite con materiali di qualsiasi tipo e dimensione.","og_url":"https:\/\/colmef.com\/fr\/prodotto\/g-tex-strip-h12\/","og_site_name":"Colmef","article_modified_time":"2024-09-18T07:26:58+00:00","og_image":[{"width":1500,"height":1500,"url":"https:\/\/colmef.com\/wp-content\/uploads\/2024\/06\/g-tex-strip-h12.jpg","type":"image\/jpeg"}],"twitter_card":"summary_large_image","twitter_misc":{"Dur\u00e9e de lecture estim\u00e9e":"1 minute"},"schema":{"@context":"https:\/\/schema.org","@graph":[{"@type":"WebPage","@id":"https:\/\/colmef.com\/fr\/prodotto\/g-tex-strip-h12\/","url":"https:\/\/colmef.com\/fr\/prodotto\/g-tex-strip-h12\/","name":"G-tex Strip H12 - Colmef","isPartOf":{"@id":"https:\/\/colmef.com\/fr\/#website"},"primaryImageOfPage":{"@id":"https:\/\/colmef.com\/fr\/prodotto\/g-tex-strip-h12\/#primaryimage"},"image":{"@id":"https:\/\/colmef.com\/fr\/prodotto\/g-tex-strip-h12\/#primaryimage"},"thumbnailUrl":"https:\/\/colmef.com\/wp-content\/uploads\/2024\/06\/g-tex-strip-h12.jpg","datePublished":"2024-06-11T07:11:09+00:00","dateModified":"2024-09-18T07:26:58+00:00","description":"Membrana antifrattura, permanentemente elastica, resistente alle fessure statiche e dinamiche, per la realizzazione di sistemi desolidarizzanti su strutture orizzontali in calcestruzzo, cemento o legno rifinite con materiali di qualsiasi tipo e dimensione.","breadcrumb":{"@id":"https:\/\/colmef.com\/fr\/prodotto\/g-tex-strip-h12\/#breadcrumb"},"inLanguage":"fr-FR","potentialAction":[{"@type":"ReadAction","target":["https:\/\/colmef.com\/fr\/prodotto\/g-tex-strip-h12\/"]}]},{"@type":"ImageObject","inLanguage":"fr-FR","@id":"https:\/\/colmef.com\/fr\/prodotto\/g-tex-strip-h12\/#primaryimage","url":"https:\/\/colmef.com\/wp-content\/uploads\/2024\/06\/g-tex-strip-h12.jpg","contentUrl":"https:\/\/colmef.com\/wp-content\/uploads\/2024\/06\/g-tex-strip-h12.jpg","width":1500,"height":1500},{"@type":"BreadcrumbList","@id":"https:\/\/colmef.com\/fr\/prodotto\/g-tex-strip-h12\/#breadcrumb","itemListElement":[{"@type":"ListItem","position":1,"name":"Home","item":"https:\/\/colmef.com\/fr\/"},{"@type":"ListItem","position":2,"name":"Produits","item":"https:\/\/colmef.com\/fr\/produits\/"},{"@type":"ListItem","position":3,"name":"G-tex Strip H12"}]},{"@type":"WebSite","@id":"https:\/\/colmef.com\/fr\/#website","url":"https:\/\/colmef.com\/fr\/","name":"Colmef","description":"Building Better","potentialAction":[{"@type":"SearchAction","target":{"@type":"EntryPoint","urlTemplate":"https:\/\/colmef.com\/fr\/?s={search_term_string}"},"query-input":{"@type":"PropertyValueSpecification","valueRequired":true,"valueName":"search_term_string"}}],"inLanguage":"fr-FR"}]}},"_links":{"self":[{"href":"https:\/\/colmef.com\/fr\/wp-json\/wp\/v2\/product\/2753","targetHints":{"allow":["GET"]}}],"collection":[{"href":"https:\/\/colmef.com\/fr\/wp-json\/wp\/v2\/product"}],"about":[{"href":"https:\/\/colmef.com\/fr\/wp-json\/wp\/v2\/types\/product"}],"wp:featuredmedia":[{"embeddable":true,"href":"https:\/\/colmef.com\/fr\/wp-json\/wp\/v2\/media\/2762"}],"wp:attachment":[{"href":"https:\/\/colmef.com\/fr\/wp-json\/wp\/v2\/media?parent=2753"}],"wp:term":[{"taxonomy":"product_brand","embeddable":true,"href":"https:\/\/colmef.com\/fr\/wp-json\/wp\/v2\/product_brand?post=2753"},{"taxonomy":"product_cat","embeddable":true,"href":"https:\/\/colmef.com\/fr\/wp-json\/wp\/v2\/product_cat?post=2753"},{"taxonomy":"product_tag","embeddable":true,"href":"https:\/\/colmef.com\/fr\/wp-json\/wp\/v2\/product_tag?post=2753"}],"curies":[{"name":"wp","href":"https:\/\/api.w.org\/{rel}","templated":true}]}}