{"id":1811,"date":"2024-04-10T14:50:30","date_gmt":"2024-04-10T14:50:30","guid":{"rendered":"https:\/\/colmef.com\/prodotto\/termogel-liquido-e-polvere\/"},"modified":"2024-09-20T06:55:10","modified_gmt":"2024-09-20T06:55:10","slug":"termogel-liquido-e-polvere","status":"publish","type":"product","link":"https:\/\/colmef.com\/fr\/prodotto\/termogel-liquido-e-polvere\/","title":{"rendered":"Termogel Liquido e Polvere"},"content":{"rendered":"<p class=\"p1\">R\u00e9alisation de coul\u00e9es de b\u00e9ton et de mortiers m\u00eame \u00e0 des temp\u00e9ratures inf\u00e9rieures \u00e0 0 \u00b0C; conditionnement de mortiers de remplissage.<\/p>\n","protected":false},"excerpt":{"rendered":"<p class=\"p1\">Additif antigel technologique sans chlorure. Acc\u00e9l\u00e8re la prise et le durcissement en d\u00e9veloppant une r\u00e9action exothermique de masse. Pour utilisation professionnelle.<\/p>\n<p align=\"justify\"><strong>DONN\u00c9ES TECHNIQUES<\/strong><\/p>\n<p><strong>\u203a Dosage liquide:<\/strong> 2 kg pour 100 kg de ciment<br \/>\n<strong>\u203a Dosage poudre:<\/strong> 1 &#8211; 2 kg pour 100 kg de ciment<br \/>\n<strong>\u203a Couleur: <\/strong>liquide incolore \/ poudre blanc<br \/>\n<strong>\u203a Emballage: <\/strong>bidon 6 kg \/ bouteille 1 kg \/ sac 1 kg<\/p>\n","protected":false},"featured_media":6377,"template":"","meta":{"_acf_changed":false},"product_brand":[],"product_cat":[1738],"product_tag":[],"class_list":{"0":"post-1811","1":"product","2":"type-product","3":"status-publish","4":"has-post-thumbnail","6":"product_cat-additifs-pour-mortiers-et-betons","8":"first","9":"instock","10":"shipping-taxable","11":"product-type-simple"},"acf":[],"yoast_head":"<!-- This site is optimized with the Yoast SEO plugin v25.3.1 - https:\/\/yoast.com\/wordpress\/plugins\/seo\/ -->\n<title>Termogel Liquido e Polvere - Colmef<\/title>\n<meta name=\"description\" content=\"Additivo antigelo per il confezionamento di calcestruzzi e malte anche con temperature inferiori a 0 \u00b0C. Accellera la presa e l&#039;indurimento.\" \/>\n<meta name=\"robots\" content=\"index, follow, max-snippet:-1, max-image-preview:large, max-video-preview:-1\" \/>\n<link rel=\"canonical\" href=\"https:\/\/colmef.com\/fr\/prodotto\/termogel-liquido-e-polvere\/\" \/>\n<meta property=\"og:locale\" content=\"fr_FR\" \/>\n<meta property=\"og:type\" content=\"article\" \/>\n<meta property=\"og:title\" content=\"Termogel Liquido e Polvere - Colmef\" \/>\n<meta property=\"og:description\" content=\"Additivo antigelo per il confezionamento di calcestruzzi e malte anche con temperature inferiori a 0 \u00b0C. Accellera la presa e l&#039;indurimento.\" \/>\n<meta property=\"og:url\" content=\"https:\/\/colmef.com\/fr\/prodotto\/termogel-liquido-e-polvere\/\" \/>\n<meta property=\"og:site_name\" content=\"Colmef\" \/>\n<meta property=\"article:modified_time\" content=\"2024-09-20T06:55:10+00:00\" \/>\n<meta property=\"og:image\" content=\"https:\/\/colmef.com\/wp-content\/uploads\/2024\/04\/termogelliquido.jpg\" \/>\n\t<meta property=\"og:image:width\" content=\"1500\" \/>\n\t<meta property=\"og:image:height\" content=\"1500\" \/>\n\t<meta property=\"og:image:type\" content=\"image\/jpeg\" \/>\n<meta name=\"twitter:card\" content=\"summary_large_image\" \/>\n<meta name=\"twitter:label1\" content=\"Dur\u00e9e de lecture estim\u00e9e\" \/>\n\t<meta name=\"twitter:data1\" content=\"1 minute\" \/>\n<script type=\"application\/ld+json\" class=\"yoast-schema-graph\">{\"@context\":\"https:\/\/schema.org\",\"@graph\":[{\"@type\":\"WebPage\",\"@id\":\"https:\/\/colmef.com\/fr\/prodotto\/termogel-liquido-e-polvere\/\",\"url\":\"https:\/\/colmef.com\/fr\/prodotto\/termogel-liquido-e-polvere\/\",\"name\":\"Termogel Liquido e Polvere - Colmef\",\"isPartOf\":{\"@id\":\"https:\/\/colmef.com\/fr\/#website\"},\"primaryImageOfPage\":{\"@id\":\"https:\/\/colmef.com\/fr\/prodotto\/termogel-liquido-e-polvere\/#primaryimage\"},\"image\":{\"@id\":\"https:\/\/colmef.com\/fr\/prodotto\/termogel-liquido-e-polvere\/#primaryimage\"},\"thumbnailUrl\":\"https:\/\/colmef.com\/wp-content\/uploads\/2024\/04\/termogelliquido.jpg\",\"datePublished\":\"2024-04-10T14:50:30+00:00\",\"dateModified\":\"2024-09-20T06:55:10+00:00\",\"description\":\"Additivo antigelo per il confezionamento di calcestruzzi e malte anche con temperature inferiori a 0 \u00b0C. Accellera la presa e l'indurimento.\",\"breadcrumb\":{\"@id\":\"https:\/\/colmef.com\/fr\/prodotto\/termogel-liquido-e-polvere\/#breadcrumb\"},\"inLanguage\":\"fr-FR\",\"potentialAction\":[{\"@type\":\"ReadAction\",\"target\":[\"https:\/\/colmef.com\/fr\/prodotto\/termogel-liquido-e-polvere\/\"]}]},{\"@type\":\"ImageObject\",\"inLanguage\":\"fr-FR\",\"@id\":\"https:\/\/colmef.com\/fr\/prodotto\/termogel-liquido-e-polvere\/#primaryimage\",\"url\":\"https:\/\/colmef.com\/wp-content\/uploads\/2024\/04\/termogelliquido.jpg\",\"contentUrl\":\"https:\/\/colmef.com\/wp-content\/uploads\/2024\/04\/termogelliquido.jpg\",\"width\":1500,\"height\":1500},{\"@type\":\"BreadcrumbList\",\"@id\":\"https:\/\/colmef.com\/fr\/prodotto\/termogel-liquido-e-polvere\/#breadcrumb\",\"itemListElement\":[{\"@type\":\"ListItem\",\"position\":1,\"name\":\"Home\",\"item\":\"https:\/\/colmef.com\/fr\/\"},{\"@type\":\"ListItem\",\"position\":2,\"name\":\"Produits\",\"item\":\"https:\/\/colmef.com\/fr\/produits\/\"},{\"@type\":\"ListItem\",\"position\":3,\"name\":\"Termogel Liquido e Polvere\"}]},{\"@type\":\"WebSite\",\"@id\":\"https:\/\/colmef.com\/fr\/#website\",\"url\":\"https:\/\/colmef.com\/fr\/\",\"name\":\"Colmef\",\"description\":\"Building Better\",\"potentialAction\":[{\"@type\":\"SearchAction\",\"target\":{\"@type\":\"EntryPoint\",\"urlTemplate\":\"https:\/\/colmef.com\/fr\/?s={search_term_string}\"},\"query-input\":{\"@type\":\"PropertyValueSpecification\",\"valueRequired\":true,\"valueName\":\"search_term_string\"}}],\"inLanguage\":\"fr-FR\"}]}<\/script>\n<!-- \/ Yoast SEO plugin. -->","yoast_head_json":{"title":"Termogel Liquido e Polvere - Colmef","description":"Additivo antigelo per il confezionamento di calcestruzzi e malte anche con temperature inferiori a 0 \u00b0C. Accellera la presa e l'indurimento.","robots":{"index":"index","follow":"follow","max-snippet":"max-snippet:-1","max-image-preview":"max-image-preview:large","max-video-preview":"max-video-preview:-1"},"canonical":"https:\/\/colmef.com\/fr\/prodotto\/termogel-liquido-e-polvere\/","og_locale":"fr_FR","og_type":"article","og_title":"Termogel Liquido e Polvere - Colmef","og_description":"Additivo antigelo per il confezionamento di calcestruzzi e malte anche con temperature inferiori a 0 \u00b0C. Accellera la presa e l'indurimento.","og_url":"https:\/\/colmef.com\/fr\/prodotto\/termogel-liquido-e-polvere\/","og_site_name":"Colmef","article_modified_time":"2024-09-20T06:55:10+00:00","og_image":[{"width":1500,"height":1500,"url":"https:\/\/colmef.com\/wp-content\/uploads\/2024\/04\/termogelliquido.jpg","type":"image\/jpeg"}],"twitter_card":"summary_large_image","twitter_misc":{"Dur\u00e9e de lecture estim\u00e9e":"1 minute"},"schema":{"@context":"https:\/\/schema.org","@graph":[{"@type":"WebPage","@id":"https:\/\/colmef.com\/fr\/prodotto\/termogel-liquido-e-polvere\/","url":"https:\/\/colmef.com\/fr\/prodotto\/termogel-liquido-e-polvere\/","name":"Termogel Liquido e Polvere - Colmef","isPartOf":{"@id":"https:\/\/colmef.com\/fr\/#website"},"primaryImageOfPage":{"@id":"https:\/\/colmef.com\/fr\/prodotto\/termogel-liquido-e-polvere\/#primaryimage"},"image":{"@id":"https:\/\/colmef.com\/fr\/prodotto\/termogel-liquido-e-polvere\/#primaryimage"},"thumbnailUrl":"https:\/\/colmef.com\/wp-content\/uploads\/2024\/04\/termogelliquido.jpg","datePublished":"2024-04-10T14:50:30+00:00","dateModified":"2024-09-20T06:55:10+00:00","description":"Additivo antigelo per il confezionamento di calcestruzzi e malte anche con temperature inferiori a 0 \u00b0C. Accellera la presa e l'indurimento.","breadcrumb":{"@id":"https:\/\/colmef.com\/fr\/prodotto\/termogel-liquido-e-polvere\/#breadcrumb"},"inLanguage":"fr-FR","potentialAction":[{"@type":"ReadAction","target":["https:\/\/colmef.com\/fr\/prodotto\/termogel-liquido-e-polvere\/"]}]},{"@type":"ImageObject","inLanguage":"fr-FR","@id":"https:\/\/colmef.com\/fr\/prodotto\/termogel-liquido-e-polvere\/#primaryimage","url":"https:\/\/colmef.com\/wp-content\/uploads\/2024\/04\/termogelliquido.jpg","contentUrl":"https:\/\/colmef.com\/wp-content\/uploads\/2024\/04\/termogelliquido.jpg","width":1500,"height":1500},{"@type":"BreadcrumbList","@id":"https:\/\/colmef.com\/fr\/prodotto\/termogel-liquido-e-polvere\/#breadcrumb","itemListElement":[{"@type":"ListItem","position":1,"name":"Home","item":"https:\/\/colmef.com\/fr\/"},{"@type":"ListItem","position":2,"name":"Produits","item":"https:\/\/colmef.com\/fr\/produits\/"},{"@type":"ListItem","position":3,"name":"Termogel Liquido e Polvere"}]},{"@type":"WebSite","@id":"https:\/\/colmef.com\/fr\/#website","url":"https:\/\/colmef.com\/fr\/","name":"Colmef","description":"Building Better","potentialAction":[{"@type":"SearchAction","target":{"@type":"EntryPoint","urlTemplate":"https:\/\/colmef.com\/fr\/?s={search_term_string}"},"query-input":{"@type":"PropertyValueSpecification","valueRequired":true,"valueName":"search_term_string"}}],"inLanguage":"fr-FR"}]}},"_links":{"self":[{"href":"https:\/\/colmef.com\/fr\/wp-json\/wp\/v2\/product\/1811","targetHints":{"allow":["GET"]}}],"collection":[{"href":"https:\/\/colmef.com\/fr\/wp-json\/wp\/v2\/product"}],"about":[{"href":"https:\/\/colmef.com\/fr\/wp-json\/wp\/v2\/types\/product"}],"wp:featuredmedia":[{"embeddable":true,"href":"https:\/\/colmef.com\/fr\/wp-json\/wp\/v2\/media\/6377"}],"wp:attachment":[{"href":"https:\/\/colmef.com\/fr\/wp-json\/wp\/v2\/media?parent=1811"}],"wp:term":[{"taxonomy":"product_brand","embeddable":true,"href":"https:\/\/colmef.com\/fr\/wp-json\/wp\/v2\/product_brand?post=1811"},{"taxonomy":"product_cat","embeddable":true,"href":"https:\/\/colmef.com\/fr\/wp-json\/wp\/v2\/product_cat?post=1811"},{"taxonomy":"product_tag","embeddable":true,"href":"https:\/\/colmef.com\/fr\/wp-json\/wp\/v2\/product_tag?post=1811"}],"curies":[{"name":"wp","href":"https:\/\/api.w.org\/{rel}","templated":true}]}}