{"id":1781,"date":"2024-04-10T14:50:31","date_gmt":"2024-04-10T14:50:31","guid":{"rendered":"https:\/\/colmef.com\/prodotto\/rasotech-plus-3-30-mm-2\/"},"modified":"2024-11-26T08:29:55","modified_gmt":"2024-11-26T08:29:55","slug":"rasotech-plus-3-30-mm","status":"publish","type":"product","link":"https:\/\/colmef.com\/fr\/prodotto\/rasotech-plus-3-30-mm\/","title":{"rendered":"Rasotech Plus 3-30 mm"},"content":{"rendered":"<p class=\"p1\">Remblais de grande \u00e9paisseur et lissage de surfaces en ciment, m\u00eame d\u00e9cor\u00e9es avec des rev\u00eatements color\u00e9s; nivelage d&rsquo;enduits dans les nouvelles constructions ou dans les interventions de r\u00e9novation, avant la pose de finitions d\u00e9coratives; rectification de murs hors d&rsquo;aplomb et reconstruction d&rsquo;ar\u00eates ou de moulures; r\u00e9alisation d&rsquo;enduits ou de lissages conservateurs renforc\u00e9s avec des treillis en fibre de verre.<\/p>\n","protected":false},"excerpt":{"rendered":"<p class=\"p1\">Produit de lissage min\u00e9ral universel fibre-renforc\u00e9 \u00e0 excellente adh\u00e9rence, thixotrope, \u00e0 retrait contr\u00f4l\u00e9. Utilisation \u00e0 l&rsquo;int\u00e9rieur et \u00e0 l&rsquo;ext\u00e9rieur. Pour utilisation professionnelle.<\/p>\n<p><strong>DONN\u00c9ES TECHNIQUES<\/strong><\/p>\n<p><strong>\u203a Rendement:<\/strong> 1,5 kg\/m2 par mm d\u2019\u00e9paisseur<br \/>\n<strong>\u203a \u00c9paisseur:<\/strong> de 3 \u00e0 30 mm<br \/>\n<strong>\u203a Application:<\/strong> truelle, machine pour enduit<br \/>\n<strong>\u203a Finition:<\/strong> spatule lisse, truelle en \u00e9ponge<br \/>\n<strong>\u203a Couleur:<\/strong> gris \/ blanc<br \/>\n<strong>\u203a Emballage:<\/strong> 25 kg<\/p>\n<p><a href=\"https:\/\/colmef.com\/wp-content\/uploads\/2022\/01\/GP-CS-IV-W2_998-1.jpg\"><img decoding=\"async\" class=\"alignnone size-full wp-image-2558\" src=\"https:\/\/colmef.com\/wp-content\/uploads\/2024\/04\/CE_13813.jpg\" alt=\"\" width=\"249\" height=\"249\" srcset=\"https:\/\/colmef.com\/wp-content\/uploads\/2024\/04\/CE_13813-50x50.jpg 50w, https:\/\/colmef.com\/wp-content\/uploads\/2024\/04\/CE_13813-66x66.jpg 66w, https:\/\/colmef.com\/wp-content\/uploads\/2024\/04\/CE_13813-150x150.jpg 150w, https:\/\/colmef.com\/wp-content\/uploads\/2024\/04\/CE_13813-200x200.jpg 200w, https:\/\/colmef.com\/wp-content\/uploads\/2024\/04\/CE_13813.jpg 249w\" sizes=\"(max-width: 249px) 100vw, 249px\" \/><img decoding=\"async\" class=\"alignnone wp-image-2549\" src=\"https:\/\/colmef.com\/wp-content\/uploads\/2024\/04\/CT-C20-F5.png\" alt=\"\" width=\"248\" height=\"248\" srcset=\"https:\/\/colmef.com\/wp-content\/uploads\/2024\/04\/CT-C20-F5-50x50.png 50w, https:\/\/colmef.com\/wp-content\/uploads\/2024\/04\/CT-C20-F5-66x66.png 66w, https:\/\/colmef.com\/wp-content\/uploads\/2024\/04\/CT-C20-F5.png 124w\" sizes=\"(max-width: 248px) 100vw, 248px\" \/><\/a>\u00a0\u00a0\u00a0 <img decoding=\"async\" class=\"alignnone size-full wp-image-2561\" src=\"https:\/\/colmef.com\/wp-content\/uploads\/2024\/04\/CE_1504-3.jpg\" alt=\"\" width=\"249\" height=\"249\" srcset=\"https:\/\/colmef.com\/wp-content\/uploads\/2024\/04\/CE_1504-3-50x50.jpg 50w, https:\/\/colmef.com\/wp-content\/uploads\/2024\/04\/CE_1504-3-66x66.jpg 66w, https:\/\/colmef.com\/wp-content\/uploads\/2024\/04\/CE_1504-3-150x150.jpg 150w, https:\/\/colmef.com\/wp-content\/uploads\/2024\/04\/CE_1504-3-200x200.jpg 200w, https:\/\/colmef.com\/wp-content\/uploads\/2024\/04\/CE_1504-3.jpg 249w\" sizes=\"(max-width: 249px) 100vw, 249px\" \/><img decoding=\"async\" class=\"alignnone wp-image-2555\" src=\"https:\/\/colmef.com\/wp-content\/uploads\/2024\/04\/PCC-R2.png\" alt=\"\" width=\"248\" height=\"248\" srcset=\"https:\/\/colmef.com\/wp-content\/uploads\/2024\/04\/PCC-R2-50x50.png 50w, https:\/\/colmef.com\/wp-content\/uploads\/2024\/04\/PCC-R2-66x66.png 66w, https:\/\/colmef.com\/wp-content\/uploads\/2024\/04\/PCC-R2.png 124w\" sizes=\"(max-width: 248px) 100vw, 248px\" \/> <img decoding=\"async\" class=\"alignnone size-full wp-image-2564\" src=\"https:\/\/colmef.com\/wp-content\/uploads\/2024\/04\/CE_998-1.jpg\" alt=\"\" width=\"249\" height=\"249\" srcset=\"https:\/\/colmef.com\/wp-content\/uploads\/2024\/04\/CE_998-1-50x50.jpg 50w, https:\/\/colmef.com\/wp-content\/uploads\/2024\/04\/CE_998-1-66x66.jpg 66w, https:\/\/colmef.com\/wp-content\/uploads\/2024\/04\/CE_998-1-150x150.jpg 150w, https:\/\/colmef.com\/wp-content\/uploads\/2024\/04\/CE_998-1-200x200.jpg 200w, https:\/\/colmef.com\/wp-content\/uploads\/2024\/04\/CE_998-1.jpg 249w\" sizes=\"(max-width: 249px) 100vw, 249px\" \/><img decoding=\"async\" class=\"alignnone wp-image-2552\" src=\"https:\/\/colmef.com\/wp-content\/uploads\/2024\/04\/GP-CS-IV-W2-1.png\" alt=\"\" width=\"248\" height=\"248\" srcset=\"https:\/\/colmef.com\/wp-content\/uploads\/2024\/04\/GP-CS-IV-W2-1-50x50.png 50w, https:\/\/colmef.com\/wp-content\/uploads\/2024\/04\/GP-CS-IV-W2-1-66x66.png 66w, https:\/\/colmef.com\/wp-content\/uploads\/2024\/04\/GP-CS-IV-W2-1.png 124w\" sizes=\"(max-width: 248px) 100vw, 248px\" \/><img decoding=\"async\" class=\"alignnone wp-image-6111\" src=\"https:\/\/colmef.com\/wp-content\/uploads\/2024\/04\/cam.png\" alt=\"\" width=\"247\" height=\"247\" srcset=\"https:\/\/colmef.com\/wp-content\/uploads\/2024\/04\/cam-50x50.png 50w, https:\/\/colmef.com\/wp-content\/uploads\/2024\/04\/cam-66x66.png 66w, https:\/\/colmef.com\/wp-content\/uploads\/2024\/04\/cam-150x150.png 150w, https:\/\/colmef.com\/wp-content\/uploads\/2024\/04\/cam-200x200.png 200w, https:\/\/colmef.com\/wp-content\/uploads\/2024\/04\/cam-300x300.png 300w, https:\/\/colmef.com\/wp-content\/uploads\/2024\/04\/cam-400x400.png 400w, https:\/\/colmef.com\/wp-content\/uploads\/2024\/04\/cam.png 494w\" sizes=\"(max-width: 247px) 100vw, 247px\" \/><\/p>\n","protected":false},"featured_media":2544,"template":"","meta":{"_acf_changed":false},"product_brand":[],"product_cat":[1719,1723],"product_tag":[],"class_list":{"0":"post-1781","1":"product","2":"type-product","3":"status-publish","4":"has-post-thumbnail","6":"product_cat-preparation-des-supports-de-pose","7":"product_cat-reparation-de-beton","9":"first","10":"instock","11":"shipping-taxable","12":"product-type-simple"},"acf":[],"yoast_head":"<!-- This site is optimized with the Yoast SEO plugin v25.3.1 - https:\/\/yoast.com\/wordpress\/plugins\/seo\/ -->\n<title>Rasotech Plus 3-30 mm - Colmef<\/title>\n<meta name=\"description\" content=\"Malta minerale livellante fibrorinforzata con ottima adesione, tissotropica, per interventi su superfici cementizie anche decorate con rivestimenti colorati\" \/>\n<meta name=\"robots\" content=\"index, follow, max-snippet:-1, max-image-preview:large, max-video-preview:-1\" \/>\n<link rel=\"canonical\" href=\"https:\/\/colmef.com\/fr\/prodotto\/rasotech-plus-3-30-mm\/\" \/>\n<meta property=\"og:locale\" content=\"fr_FR\" \/>\n<meta property=\"og:type\" content=\"article\" \/>\n<meta property=\"og:title\" content=\"Rasotech Plus 3-30 mm - Colmef\" \/>\n<meta property=\"og:description\" content=\"Malta minerale livellante fibrorinforzata con ottima adesione, tissotropica, per interventi su superfici cementizie anche decorate con rivestimenti colorati\" \/>\n<meta property=\"og:url\" content=\"https:\/\/colmef.com\/fr\/prodotto\/rasotech-plus-3-30-mm\/\" \/>\n<meta property=\"og:site_name\" content=\"Colmef\" \/>\n<meta property=\"article:modified_time\" content=\"2024-11-26T08:29:55+00:00\" \/>\n<meta property=\"og:image\" content=\"https:\/\/colmef.com\/wp-content\/uploads\/2024\/05\/RasotechPlus-3-30-1.jpg\" \/>\n\t<meta property=\"og:image:width\" content=\"1500\" \/>\n\t<meta property=\"og:image:height\" content=\"1500\" \/>\n\t<meta property=\"og:image:type\" content=\"image\/jpeg\" \/>\n<meta name=\"twitter:card\" content=\"summary_large_image\" \/>\n<meta name=\"twitter:label1\" content=\"Dur\u00e9e de lecture estim\u00e9e\" \/>\n\t<meta name=\"twitter:data1\" content=\"1 minute\" \/>\n<script type=\"application\/ld+json\" class=\"yoast-schema-graph\">{\"@context\":\"https:\/\/schema.org\",\"@graph\":[{\"@type\":\"WebPage\",\"@id\":\"https:\/\/colmef.com\/fr\/prodotto\/rasotech-plus-3-30-mm\/\",\"url\":\"https:\/\/colmef.com\/fr\/prodotto\/rasotech-plus-3-30-mm\/\",\"name\":\"Rasotech Plus 3-30 mm - Colmef\",\"isPartOf\":{\"@id\":\"https:\/\/colmef.com\/fr\/#website\"},\"primaryImageOfPage\":{\"@id\":\"https:\/\/colmef.com\/fr\/prodotto\/rasotech-plus-3-30-mm\/#primaryimage\"},\"image\":{\"@id\":\"https:\/\/colmef.com\/fr\/prodotto\/rasotech-plus-3-30-mm\/#primaryimage\"},\"thumbnailUrl\":\"https:\/\/colmef.com\/wp-content\/uploads\/2024\/05\/RasotechPlus-3-30-1.jpg\",\"datePublished\":\"2024-04-10T14:50:31+00:00\",\"dateModified\":\"2024-11-26T08:29:55+00:00\",\"description\":\"Malta minerale livellante fibrorinforzata con ottima adesione, tissotropica, per interventi su superfici cementizie anche decorate con rivestimenti colorati\",\"breadcrumb\":{\"@id\":\"https:\/\/colmef.com\/fr\/prodotto\/rasotech-plus-3-30-mm\/#breadcrumb\"},\"inLanguage\":\"fr-FR\",\"potentialAction\":[{\"@type\":\"ReadAction\",\"target\":[\"https:\/\/colmef.com\/fr\/prodotto\/rasotech-plus-3-30-mm\/\"]}]},{\"@type\":\"ImageObject\",\"inLanguage\":\"fr-FR\",\"@id\":\"https:\/\/colmef.com\/fr\/prodotto\/rasotech-plus-3-30-mm\/#primaryimage\",\"url\":\"https:\/\/colmef.com\/wp-content\/uploads\/2024\/05\/RasotechPlus-3-30-1.jpg\",\"contentUrl\":\"https:\/\/colmef.com\/wp-content\/uploads\/2024\/05\/RasotechPlus-3-30-1.jpg\",\"width\":1500,\"height\":1500},{\"@type\":\"BreadcrumbList\",\"@id\":\"https:\/\/colmef.com\/fr\/prodotto\/rasotech-plus-3-30-mm\/#breadcrumb\",\"itemListElement\":[{\"@type\":\"ListItem\",\"position\":1,\"name\":\"Home\",\"item\":\"https:\/\/colmef.com\/fr\/\"},{\"@type\":\"ListItem\",\"position\":2,\"name\":\"Produits\",\"item\":\"https:\/\/colmef.com\/fr\/produits\/\"},{\"@type\":\"ListItem\",\"position\":3,\"name\":\"Rasotech Plus 3-30 mm\"}]},{\"@type\":\"WebSite\",\"@id\":\"https:\/\/colmef.com\/fr\/#website\",\"url\":\"https:\/\/colmef.com\/fr\/\",\"name\":\"Colmef\",\"description\":\"Building Better\",\"potentialAction\":[{\"@type\":\"SearchAction\",\"target\":{\"@type\":\"EntryPoint\",\"urlTemplate\":\"https:\/\/colmef.com\/fr\/?s={search_term_string}\"},\"query-input\":{\"@type\":\"PropertyValueSpecification\",\"valueRequired\":true,\"valueName\":\"search_term_string\"}}],\"inLanguage\":\"fr-FR\"}]}<\/script>\n<!-- \/ Yoast SEO plugin. -->","yoast_head_json":{"title":"Rasotech Plus 3-30 mm - Colmef","description":"Malta minerale livellante fibrorinforzata con ottima adesione, tissotropica, per interventi su superfici cementizie anche decorate con rivestimenti colorati","robots":{"index":"index","follow":"follow","max-snippet":"max-snippet:-1","max-image-preview":"max-image-preview:large","max-video-preview":"max-video-preview:-1"},"canonical":"https:\/\/colmef.com\/fr\/prodotto\/rasotech-plus-3-30-mm\/","og_locale":"fr_FR","og_type":"article","og_title":"Rasotech Plus 3-30 mm - Colmef","og_description":"Malta minerale livellante fibrorinforzata con ottima adesione, tissotropica, per interventi su superfici cementizie anche decorate con rivestimenti colorati","og_url":"https:\/\/colmef.com\/fr\/prodotto\/rasotech-plus-3-30-mm\/","og_site_name":"Colmef","article_modified_time":"2024-11-26T08:29:55+00:00","og_image":[{"width":1500,"height":1500,"url":"https:\/\/colmef.com\/wp-content\/uploads\/2024\/05\/RasotechPlus-3-30-1.jpg","type":"image\/jpeg"}],"twitter_card":"summary_large_image","twitter_misc":{"Dur\u00e9e de lecture estim\u00e9e":"1 minute"},"schema":{"@context":"https:\/\/schema.org","@graph":[{"@type":"WebPage","@id":"https:\/\/colmef.com\/fr\/prodotto\/rasotech-plus-3-30-mm\/","url":"https:\/\/colmef.com\/fr\/prodotto\/rasotech-plus-3-30-mm\/","name":"Rasotech Plus 3-30 mm - Colmef","isPartOf":{"@id":"https:\/\/colmef.com\/fr\/#website"},"primaryImageOfPage":{"@id":"https:\/\/colmef.com\/fr\/prodotto\/rasotech-plus-3-30-mm\/#primaryimage"},"image":{"@id":"https:\/\/colmef.com\/fr\/prodotto\/rasotech-plus-3-30-mm\/#primaryimage"},"thumbnailUrl":"https:\/\/colmef.com\/wp-content\/uploads\/2024\/05\/RasotechPlus-3-30-1.jpg","datePublished":"2024-04-10T14:50:31+00:00","dateModified":"2024-11-26T08:29:55+00:00","description":"Malta minerale livellante fibrorinforzata con ottima adesione, tissotropica, per interventi su superfici cementizie anche decorate con rivestimenti colorati","breadcrumb":{"@id":"https:\/\/colmef.com\/fr\/prodotto\/rasotech-plus-3-30-mm\/#breadcrumb"},"inLanguage":"fr-FR","potentialAction":[{"@type":"ReadAction","target":["https:\/\/colmef.com\/fr\/prodotto\/rasotech-plus-3-30-mm\/"]}]},{"@type":"ImageObject","inLanguage":"fr-FR","@id":"https:\/\/colmef.com\/fr\/prodotto\/rasotech-plus-3-30-mm\/#primaryimage","url":"https:\/\/colmef.com\/wp-content\/uploads\/2024\/05\/RasotechPlus-3-30-1.jpg","contentUrl":"https:\/\/colmef.com\/wp-content\/uploads\/2024\/05\/RasotechPlus-3-30-1.jpg","width":1500,"height":1500},{"@type":"BreadcrumbList","@id":"https:\/\/colmef.com\/fr\/prodotto\/rasotech-plus-3-30-mm\/#breadcrumb","itemListElement":[{"@type":"ListItem","position":1,"name":"Home","item":"https:\/\/colmef.com\/fr\/"},{"@type":"ListItem","position":2,"name":"Produits","item":"https:\/\/colmef.com\/fr\/produits\/"},{"@type":"ListItem","position":3,"name":"Rasotech Plus 3-30 mm"}]},{"@type":"WebSite","@id":"https:\/\/colmef.com\/fr\/#website","url":"https:\/\/colmef.com\/fr\/","name":"Colmef","description":"Building Better","potentialAction":[{"@type":"SearchAction","target":{"@type":"EntryPoint","urlTemplate":"https:\/\/colmef.com\/fr\/?s={search_term_string}"},"query-input":{"@type":"PropertyValueSpecification","valueRequired":true,"valueName":"search_term_string"}}],"inLanguage":"fr-FR"}]}},"_links":{"self":[{"href":"https:\/\/colmef.com\/fr\/wp-json\/wp\/v2\/product\/1781","targetHints":{"allow":["GET"]}}],"collection":[{"href":"https:\/\/colmef.com\/fr\/wp-json\/wp\/v2\/product"}],"about":[{"href":"https:\/\/colmef.com\/fr\/wp-json\/wp\/v2\/types\/product"}],"wp:featuredmedia":[{"embeddable":true,"href":"https:\/\/colmef.com\/fr\/wp-json\/wp\/v2\/media\/2544"}],"wp:attachment":[{"href":"https:\/\/colmef.com\/fr\/wp-json\/wp\/v2\/media?parent=1781"}],"wp:term":[{"taxonomy":"product_brand","embeddable":true,"href":"https:\/\/colmef.com\/fr\/wp-json\/wp\/v2\/product_brand?post=1781"},{"taxonomy":"product_cat","embeddable":true,"href":"https:\/\/colmef.com\/fr\/wp-json\/wp\/v2\/product_cat?post=1781"},{"taxonomy":"product_tag","embeddable":true,"href":"https:\/\/colmef.com\/fr\/wp-json\/wp\/v2\/product_tag?post=1781"}],"curies":[{"name":"wp","href":"https:\/\/api.w.org\/{rel}","templated":true}]}}