{"id":1754,"date":"2024-04-10T14:50:33","date_gmt":"2024-04-10T14:50:33","guid":{"rendered":"https:\/\/colmef.com\/prodotto\/pratiko-r-3-tixo-2\/"},"modified":"2024-11-26T08:28:03","modified_gmt":"2024-11-26T08:28:03","slug":"pratiko-r3-tixo","status":"publish","type":"product","link":"https:\/\/colmef.com\/fr\/prodotto\/pratiko-r3-tixo\/","title":{"rendered":"Pratiko R3 Tixo"},"content":{"rendered":"<p class=\"p1\">Reconstruction corticale et assainissement avec garantie de durabilit\u00e9 des structures en b\u00e9ton d\u00e9grad\u00e9es; r\u00e9mise en \u00e9tat ou cr\u00e9ation d&rsquo;enduits structuraux sur des ma\u00e7onneries \u00e0 consolider; r\u00e9novation d&rsquo;ouvrages en b\u00e9ton d\u00e9grad\u00e9, m\u00eame structur\u00e9 en horizontal ainsi qu&rsquo;en vertical; reconstruction de couches couvre-fer endommag\u00e9s d&rsquo;ouvrages en b\u00e9ton arm\u00e9; r\u00e9gularisation de parois moul\u00e9es, de tunnels et de d\u00e9fauts de surface.<\/p>\n","protected":false},"excerpt":{"rendered":"<p class=\"p1\">Mortier min\u00e9ral thixotrope, fibre-renforc\u00e9, \u00e0 faible module \u00e9lastique et \u00e0 retrait compens\u00e9. Utilisation \u00e0 l&rsquo;int\u00e9rieur et \u00e0 l&rsquo;ext\u00e9rieur. Pour utilisation professionnelle.<\/p>\n<p><strong>DONN\u00c9ES TECHNIQUES<\/strong><\/p>\n<p><strong>\u203a Rendement:<\/strong> 18 kg\/m2 par cm d\u2019\u00e9paisseur<br \/>\n<strong>\u203a \u00c9paisseur:<\/strong> jusqu&rsquo;\u00e0 30 mm<br \/>\n<strong>\u203a Finition:<\/strong> taloche<br \/>\n<strong>\u203a Application:<\/strong> truelle, machine pour enduit<br \/>\n<strong>\u203a Couleur: <\/strong>gris<br \/>\n<strong>\u203a Emballage: <\/strong>sac\u00a025 kg<\/p>\n<p><img decoding=\"async\" class=\"alignnone size-full wp-image-1617\" src=\"https:\/\/colmef.com\/wp-content\/uploads\/2022\/01\/CE_1504-3.jpg\" alt=\"\" width=\"249\" height=\"249\" \/><img decoding=\"async\" class=\"alignnone wp-image-3914 size-thumbnail\" src=\"https:\/\/www.colmef.com\/wp-content\/uploads\/2021\/11\/R3-PCC-1504-3-150x150.jpg\" alt=\"\" width=\"150\" height=\"150\" \/><img decoding=\"async\" class=\"alignnone wp-image-6111\" src=\"https:\/\/colmef.com\/wp-content\/uploads\/2024\/04\/cam.png\" alt=\"\" width=\"247\" height=\"247\" srcset=\"https:\/\/colmef.com\/wp-content\/uploads\/2024\/04\/cam-50x50.png 50w, https:\/\/colmef.com\/wp-content\/uploads\/2024\/04\/cam-66x66.png 66w, https:\/\/colmef.com\/wp-content\/uploads\/2024\/04\/cam-150x150.png 150w, https:\/\/colmef.com\/wp-content\/uploads\/2024\/04\/cam-200x200.png 200w, https:\/\/colmef.com\/wp-content\/uploads\/2024\/04\/cam-300x300.png 300w, https:\/\/colmef.com\/wp-content\/uploads\/2024\/04\/cam-400x400.png 400w, https:\/\/colmef.com\/wp-content\/uploads\/2024\/04\/cam.png 494w\" sizes=\"(max-width: 247px) 100vw, 247px\" \/><\/p>\n<div align=\"justify\"><\/div>\n","protected":false},"featured_media":3015,"template":"","meta":{"_acf_changed":false},"product_brand":[],"product_cat":[1742,1723],"product_tag":[],"class_list":{"0":"post-1754","1":"product","2":"type-product","3":"status-publish","4":"has-post-thumbnail","6":"product_cat-mortiers-techniques-et-enduits","7":"product_cat-reparation-de-beton","9":"first","10":"instock","11":"shipping-taxable","12":"product-type-simple"},"acf":[],"yoast_head":"<!-- This site is optimized with the Yoast SEO plugin v25.3.1 - https:\/\/yoast.com\/wordpress\/plugins\/seo\/ -->\n<title>Pratiko R3 Tixo - Colmef<\/title>\n<meta name=\"description\" content=\"Malta minerale tissotropica, fibrorinforzata, per il risanamento a durabilit\u00e0 garantita di strutture in calcestruzzo degradato.\" \/>\n<meta name=\"robots\" content=\"index, follow, max-snippet:-1, max-image-preview:large, max-video-preview:-1\" \/>\n<link rel=\"canonical\" href=\"https:\/\/colmef.com\/fr\/prodotto\/pratiko-r3-tixo\/\" \/>\n<meta property=\"og:locale\" content=\"fr_FR\" \/>\n<meta property=\"og:type\" content=\"article\" \/>\n<meta property=\"og:title\" content=\"Pratiko R3 Tixo - Colmef\" \/>\n<meta property=\"og:description\" content=\"Malta minerale tissotropica, fibrorinforzata, per il risanamento a durabilit\u00e0 garantita di strutture in calcestruzzo degradato.\" \/>\n<meta property=\"og:url\" content=\"https:\/\/colmef.com\/fr\/prodotto\/pratiko-r3-tixo\/\" \/>\n<meta property=\"og:site_name\" content=\"Colmef\" \/>\n<meta property=\"article:modified_time\" content=\"2024-11-26T08:28:03+00:00\" \/>\n<meta property=\"og:image\" content=\"https:\/\/colmef.com\/wp-content\/uploads\/2024\/04\/pratikor3.jpg\" \/>\n\t<meta property=\"og:image:width\" content=\"1500\" \/>\n\t<meta property=\"og:image:height\" content=\"1500\" \/>\n\t<meta property=\"og:image:type\" content=\"image\/jpeg\" \/>\n<meta name=\"twitter:card\" content=\"summary_large_image\" \/>\n<meta name=\"twitter:label1\" content=\"Dur\u00e9e de lecture estim\u00e9e\" \/>\n\t<meta name=\"twitter:data1\" content=\"1 minute\" \/>\n<script type=\"application\/ld+json\" class=\"yoast-schema-graph\">{\"@context\":\"https:\/\/schema.org\",\"@graph\":[{\"@type\":\"WebPage\",\"@id\":\"https:\/\/colmef.com\/fr\/prodotto\/pratiko-r3-tixo\/\",\"url\":\"https:\/\/colmef.com\/fr\/prodotto\/pratiko-r3-tixo\/\",\"name\":\"Pratiko R3 Tixo - Colmef\",\"isPartOf\":{\"@id\":\"https:\/\/colmef.com\/fr\/#website\"},\"primaryImageOfPage\":{\"@id\":\"https:\/\/colmef.com\/fr\/prodotto\/pratiko-r3-tixo\/#primaryimage\"},\"image\":{\"@id\":\"https:\/\/colmef.com\/fr\/prodotto\/pratiko-r3-tixo\/#primaryimage\"},\"thumbnailUrl\":\"https:\/\/colmef.com\/wp-content\/uploads\/2024\/04\/pratikor3.jpg\",\"datePublished\":\"2024-04-10T14:50:33+00:00\",\"dateModified\":\"2024-11-26T08:28:03+00:00\",\"description\":\"Malta minerale tissotropica, fibrorinforzata, per il risanamento a durabilit\u00e0 garantita di strutture in calcestruzzo degradato.\",\"breadcrumb\":{\"@id\":\"https:\/\/colmef.com\/fr\/prodotto\/pratiko-r3-tixo\/#breadcrumb\"},\"inLanguage\":\"fr-FR\",\"potentialAction\":[{\"@type\":\"ReadAction\",\"target\":[\"https:\/\/colmef.com\/fr\/prodotto\/pratiko-r3-tixo\/\"]}]},{\"@type\":\"ImageObject\",\"inLanguage\":\"fr-FR\",\"@id\":\"https:\/\/colmef.com\/fr\/prodotto\/pratiko-r3-tixo\/#primaryimage\",\"url\":\"https:\/\/colmef.com\/wp-content\/uploads\/2024\/04\/pratikor3.jpg\",\"contentUrl\":\"https:\/\/colmef.com\/wp-content\/uploads\/2024\/04\/pratikor3.jpg\",\"width\":1500,\"height\":1500},{\"@type\":\"BreadcrumbList\",\"@id\":\"https:\/\/colmef.com\/fr\/prodotto\/pratiko-r3-tixo\/#breadcrumb\",\"itemListElement\":[{\"@type\":\"ListItem\",\"position\":1,\"name\":\"Home\",\"item\":\"https:\/\/colmef.com\/fr\/\"},{\"@type\":\"ListItem\",\"position\":2,\"name\":\"Produits\",\"item\":\"https:\/\/colmef.com\/fr\/produits\/\"},{\"@type\":\"ListItem\",\"position\":3,\"name\":\"Pratiko R3 Tixo\"}]},{\"@type\":\"WebSite\",\"@id\":\"https:\/\/colmef.com\/fr\/#website\",\"url\":\"https:\/\/colmef.com\/fr\/\",\"name\":\"Colmef\",\"description\":\"Building Better\",\"potentialAction\":[{\"@type\":\"SearchAction\",\"target\":{\"@type\":\"EntryPoint\",\"urlTemplate\":\"https:\/\/colmef.com\/fr\/?s={search_term_string}\"},\"query-input\":{\"@type\":\"PropertyValueSpecification\",\"valueRequired\":true,\"valueName\":\"search_term_string\"}}],\"inLanguage\":\"fr-FR\"}]}<\/script>\n<!-- \/ Yoast SEO plugin. -->","yoast_head_json":{"title":"Pratiko R3 Tixo - Colmef","description":"Malta minerale tissotropica, fibrorinforzata, per il risanamento a durabilit\u00e0 garantita di strutture in calcestruzzo degradato.","robots":{"index":"index","follow":"follow","max-snippet":"max-snippet:-1","max-image-preview":"max-image-preview:large","max-video-preview":"max-video-preview:-1"},"canonical":"https:\/\/colmef.com\/fr\/prodotto\/pratiko-r3-tixo\/","og_locale":"fr_FR","og_type":"article","og_title":"Pratiko R3 Tixo - Colmef","og_description":"Malta minerale tissotropica, fibrorinforzata, per il risanamento a durabilit\u00e0 garantita di strutture in calcestruzzo degradato.","og_url":"https:\/\/colmef.com\/fr\/prodotto\/pratiko-r3-tixo\/","og_site_name":"Colmef","article_modified_time":"2024-11-26T08:28:03+00:00","og_image":[{"width":1500,"height":1500,"url":"https:\/\/colmef.com\/wp-content\/uploads\/2024\/04\/pratikor3.jpg","type":"image\/jpeg"}],"twitter_card":"summary_large_image","twitter_misc":{"Dur\u00e9e de lecture estim\u00e9e":"1 minute"},"schema":{"@context":"https:\/\/schema.org","@graph":[{"@type":"WebPage","@id":"https:\/\/colmef.com\/fr\/prodotto\/pratiko-r3-tixo\/","url":"https:\/\/colmef.com\/fr\/prodotto\/pratiko-r3-tixo\/","name":"Pratiko R3 Tixo - Colmef","isPartOf":{"@id":"https:\/\/colmef.com\/fr\/#website"},"primaryImageOfPage":{"@id":"https:\/\/colmef.com\/fr\/prodotto\/pratiko-r3-tixo\/#primaryimage"},"image":{"@id":"https:\/\/colmef.com\/fr\/prodotto\/pratiko-r3-tixo\/#primaryimage"},"thumbnailUrl":"https:\/\/colmef.com\/wp-content\/uploads\/2024\/04\/pratikor3.jpg","datePublished":"2024-04-10T14:50:33+00:00","dateModified":"2024-11-26T08:28:03+00:00","description":"Malta minerale tissotropica, fibrorinforzata, per il risanamento a durabilit\u00e0 garantita di strutture in calcestruzzo degradato.","breadcrumb":{"@id":"https:\/\/colmef.com\/fr\/prodotto\/pratiko-r3-tixo\/#breadcrumb"},"inLanguage":"fr-FR","potentialAction":[{"@type":"ReadAction","target":["https:\/\/colmef.com\/fr\/prodotto\/pratiko-r3-tixo\/"]}]},{"@type":"ImageObject","inLanguage":"fr-FR","@id":"https:\/\/colmef.com\/fr\/prodotto\/pratiko-r3-tixo\/#primaryimage","url":"https:\/\/colmef.com\/wp-content\/uploads\/2024\/04\/pratikor3.jpg","contentUrl":"https:\/\/colmef.com\/wp-content\/uploads\/2024\/04\/pratikor3.jpg","width":1500,"height":1500},{"@type":"BreadcrumbList","@id":"https:\/\/colmef.com\/fr\/prodotto\/pratiko-r3-tixo\/#breadcrumb","itemListElement":[{"@type":"ListItem","position":1,"name":"Home","item":"https:\/\/colmef.com\/fr\/"},{"@type":"ListItem","position":2,"name":"Produits","item":"https:\/\/colmef.com\/fr\/produits\/"},{"@type":"ListItem","position":3,"name":"Pratiko R3 Tixo"}]},{"@type":"WebSite","@id":"https:\/\/colmef.com\/fr\/#website","url":"https:\/\/colmef.com\/fr\/","name":"Colmef","description":"Building Better","potentialAction":[{"@type":"SearchAction","target":{"@type":"EntryPoint","urlTemplate":"https:\/\/colmef.com\/fr\/?s={search_term_string}"},"query-input":{"@type":"PropertyValueSpecification","valueRequired":true,"valueName":"search_term_string"}}],"inLanguage":"fr-FR"}]}},"_links":{"self":[{"href":"https:\/\/colmef.com\/fr\/wp-json\/wp\/v2\/product\/1754","targetHints":{"allow":["GET"]}}],"collection":[{"href":"https:\/\/colmef.com\/fr\/wp-json\/wp\/v2\/product"}],"about":[{"href":"https:\/\/colmef.com\/fr\/wp-json\/wp\/v2\/types\/product"}],"wp:featuredmedia":[{"embeddable":true,"href":"https:\/\/colmef.com\/fr\/wp-json\/wp\/v2\/media\/3015"}],"wp:attachment":[{"href":"https:\/\/colmef.com\/fr\/wp-json\/wp\/v2\/media?parent=1754"}],"wp:term":[{"taxonomy":"product_brand","embeddable":true,"href":"https:\/\/colmef.com\/fr\/wp-json\/wp\/v2\/product_brand?post=1754"},{"taxonomy":"product_cat","embeddable":true,"href":"https:\/\/colmef.com\/fr\/wp-json\/wp\/v2\/product_cat?post=1754"},{"taxonomy":"product_tag","embeddable":true,"href":"https:\/\/colmef.com\/fr\/wp-json\/wp\/v2\/product_tag?post=1754"}],"curies":[{"name":"wp","href":"https:\/\/api.w.org\/{rel}","templated":true}]}}