{"id":1670,"date":"2024-04-10T14:50:36","date_gmt":"2024-04-10T14:50:36","guid":{"rendered":"https:\/\/colmef.com\/prodotto\/giuntolastic-2\/"},"modified":"2024-09-18T14:43:57","modified_gmt":"2024-09-18T14:43:57","slug":"giuntolastic","status":"publish","type":"product","link":"https:\/\/colmef.com\/fr\/prodotto\/giuntolastic\/","title":{"rendered":"Giuntolastic"},"content":{"rendered":"<p class=\"p1\">Scellement de joints entre carreaux c\u00e9ramiques de tous types tels que monocuisson, gr\u00e8s c\u00e9rame, grands formats, klinker, mosa\u00efques de verre et de marbre, pierre naturelle; scellement de joints dans des environnements particuli\u00e8rement expos\u00e9s et humides ou soumis \u00e0 un trafic intense.<\/p>\n","protected":false},"excerpt":{"rendered":"<p class=\"p1\">Additif polym\u00e9rique liquide \u00e0 m\u00e9langer, rempla\u00e7ant totalement ou partiellement l&rsquo;eau de g\u00e2chage, avec des scellants \u00e0 base de ciment. Augmente les performances m\u00e9caniques, am\u00e9liore l\u2019adh\u00e9rence aux bords des carreaux, l\u2019imperm\u00e9abilit\u00e9 et la r\u00e9sistance \u00e0 l\u2019abrasion et r\u00e9duit le module \u00e9lastique en rendant les jointoiements plus flexibles. Utilisation \u00e0 l&rsquo;int\u00e9rieur et \u00e0 l&rsquo;ext\u00e9rieur. Pour utilisation professionnelle.<\/p>\n<p align=\"justify\"><strong>\u203a Rapport de m\u00e9lange:<\/strong><\/p>\n<div align=\"justify\">\n<ul>\n<li>1 : 4 FUGAKOLOR DESIGN 0-6 mm<\/li>\n<li>1 : 3 FUGAKOLOR 1-20 mm<\/li>\n<li>1 : 4 NEOFIL COLOR 0-6 mm<\/li>\n<li>1 : 3 NEOFIL COLOR 4-20 mm<\/li>\n<\/ul>\n<p><strong>\u203a Couleur: <\/strong>blanch\u00e2tre<br \/>\n<strong>\u203a Emballage:<\/strong> bidon 5 kg \/ bouteille 1 kg<\/p>\n<\/div>\n","protected":false},"featured_media":189,"template":"","meta":{"_acf_changed":false},"product_brand":[],"product_cat":[1736],"product_tag":[],"class_list":{"0":"post-1670","1":"product","2":"type-product","3":"status-publish","4":"has-post-thumbnail","6":"product_cat-rejointoiement-des-joints-en-ceramique-et-des-pierres-naturelles","8":"first","9":"instock","10":"shipping-taxable","11":"product-type-simple"},"acf":[],"yoast_head":"<!-- This site is optimized with the Yoast SEO plugin v25.3.1 - https:\/\/yoast.com\/wordpress\/plugins\/seo\/ -->\n<title>Giuntolastic - Colmef<\/title>\n<meta name=\"description\" content=\"Additivo polimerico liquido da miscelare in sostituzione totale\/parziale dell&#039;acqua di impasto con sigillanti cementizi, per la sigillatura di\u00a0fughe tra piastrelle ceramiche di ogni tipo.\" \/>\n<meta name=\"robots\" content=\"index, follow, max-snippet:-1, max-image-preview:large, max-video-preview:-1\" \/>\n<link rel=\"canonical\" href=\"https:\/\/colmef.com\/fr\/prodotto\/giuntolastic\/\" \/>\n<meta property=\"og:locale\" content=\"fr_FR\" \/>\n<meta property=\"og:type\" content=\"article\" \/>\n<meta property=\"og:title\" content=\"Giuntolastic - Colmef\" \/>\n<meta property=\"og:description\" content=\"Additivo polimerico liquido da miscelare in sostituzione totale\/parziale dell&#039;acqua di impasto con sigillanti cementizi, per la sigillatura di\u00a0fughe tra piastrelle ceramiche di ogni tipo.\" \/>\n<meta property=\"og:url\" content=\"https:\/\/colmef.com\/fr\/prodotto\/giuntolastic\/\" \/>\n<meta property=\"og:site_name\" content=\"Colmef\" \/>\n<meta property=\"article:modified_time\" content=\"2024-09-18T14:43:57+00:00\" \/>\n<meta property=\"og:image\" content=\"https:\/\/colmef.com\/wp-content\/uploads\/2024\/04\/Giuntolastic-famiglia.jpg\" \/>\n\t<meta property=\"og:image:width\" content=\"1500\" \/>\n\t<meta property=\"og:image:height\" content=\"1500\" \/>\n\t<meta property=\"og:image:type\" content=\"image\/jpeg\" \/>\n<meta name=\"twitter:card\" content=\"summary_large_image\" \/>\n<meta name=\"twitter:label1\" content=\"Dur\u00e9e de lecture estim\u00e9e\" \/>\n\t<meta name=\"twitter:data1\" content=\"1 minute\" \/>\n<script type=\"application\/ld+json\" class=\"yoast-schema-graph\">{\"@context\":\"https:\/\/schema.org\",\"@graph\":[{\"@type\":\"WebPage\",\"@id\":\"https:\/\/colmef.com\/fr\/prodotto\/giuntolastic\/\",\"url\":\"https:\/\/colmef.com\/fr\/prodotto\/giuntolastic\/\",\"name\":\"Giuntolastic - Colmef\",\"isPartOf\":{\"@id\":\"https:\/\/colmef.com\/fr\/#website\"},\"primaryImageOfPage\":{\"@id\":\"https:\/\/colmef.com\/fr\/prodotto\/giuntolastic\/#primaryimage\"},\"image\":{\"@id\":\"https:\/\/colmef.com\/fr\/prodotto\/giuntolastic\/#primaryimage\"},\"thumbnailUrl\":\"https:\/\/colmef.com\/wp-content\/uploads\/2024\/04\/Giuntolastic-famiglia.jpg\",\"datePublished\":\"2024-04-10T14:50:36+00:00\",\"dateModified\":\"2024-09-18T14:43:57+00:00\",\"description\":\"Additivo polimerico liquido da miscelare in sostituzione totale\/parziale dell'acqua di impasto con sigillanti cementizi, per la sigillatura di\u00a0fughe tra piastrelle ceramiche di ogni tipo.\",\"breadcrumb\":{\"@id\":\"https:\/\/colmef.com\/fr\/prodotto\/giuntolastic\/#breadcrumb\"},\"inLanguage\":\"fr-FR\",\"potentialAction\":[{\"@type\":\"ReadAction\",\"target\":[\"https:\/\/colmef.com\/fr\/prodotto\/giuntolastic\/\"]}]},{\"@type\":\"ImageObject\",\"inLanguage\":\"fr-FR\",\"@id\":\"https:\/\/colmef.com\/fr\/prodotto\/giuntolastic\/#primaryimage\",\"url\":\"https:\/\/colmef.com\/wp-content\/uploads\/2024\/04\/Giuntolastic-famiglia.jpg\",\"contentUrl\":\"https:\/\/colmef.com\/wp-content\/uploads\/2024\/04\/Giuntolastic-famiglia.jpg\",\"width\":1500,\"height\":1500},{\"@type\":\"BreadcrumbList\",\"@id\":\"https:\/\/colmef.com\/fr\/prodotto\/giuntolastic\/#breadcrumb\",\"itemListElement\":[{\"@type\":\"ListItem\",\"position\":1,\"name\":\"Home\",\"item\":\"https:\/\/colmef.com\/fr\/\"},{\"@type\":\"ListItem\",\"position\":2,\"name\":\"Produits\",\"item\":\"https:\/\/colmef.com\/fr\/produits\/\"},{\"@type\":\"ListItem\",\"position\":3,\"name\":\"Giuntolastic\"}]},{\"@type\":\"WebSite\",\"@id\":\"https:\/\/colmef.com\/fr\/#website\",\"url\":\"https:\/\/colmef.com\/fr\/\",\"name\":\"Colmef\",\"description\":\"Building Better\",\"potentialAction\":[{\"@type\":\"SearchAction\",\"target\":{\"@type\":\"EntryPoint\",\"urlTemplate\":\"https:\/\/colmef.com\/fr\/?s={search_term_string}\"},\"query-input\":{\"@type\":\"PropertyValueSpecification\",\"valueRequired\":true,\"valueName\":\"search_term_string\"}}],\"inLanguage\":\"fr-FR\"}]}<\/script>\n<!-- \/ Yoast SEO plugin. -->","yoast_head_json":{"title":"Giuntolastic - Colmef","description":"Additivo polimerico liquido da miscelare in sostituzione totale\/parziale dell'acqua di impasto con sigillanti cementizi, per la sigillatura di\u00a0fughe tra piastrelle ceramiche di ogni tipo.","robots":{"index":"index","follow":"follow","max-snippet":"max-snippet:-1","max-image-preview":"max-image-preview:large","max-video-preview":"max-video-preview:-1"},"canonical":"https:\/\/colmef.com\/fr\/prodotto\/giuntolastic\/","og_locale":"fr_FR","og_type":"article","og_title":"Giuntolastic - Colmef","og_description":"Additivo polimerico liquido da miscelare in sostituzione totale\/parziale dell'acqua di impasto con sigillanti cementizi, per la sigillatura di\u00a0fughe tra piastrelle ceramiche di ogni tipo.","og_url":"https:\/\/colmef.com\/fr\/prodotto\/giuntolastic\/","og_site_name":"Colmef","article_modified_time":"2024-09-18T14:43:57+00:00","og_image":[{"width":1500,"height":1500,"url":"https:\/\/colmef.com\/wp-content\/uploads\/2024\/04\/Giuntolastic-famiglia.jpg","type":"image\/jpeg"}],"twitter_card":"summary_large_image","twitter_misc":{"Dur\u00e9e de lecture estim\u00e9e":"1 minute"},"schema":{"@context":"https:\/\/schema.org","@graph":[{"@type":"WebPage","@id":"https:\/\/colmef.com\/fr\/prodotto\/giuntolastic\/","url":"https:\/\/colmef.com\/fr\/prodotto\/giuntolastic\/","name":"Giuntolastic - Colmef","isPartOf":{"@id":"https:\/\/colmef.com\/fr\/#website"},"primaryImageOfPage":{"@id":"https:\/\/colmef.com\/fr\/prodotto\/giuntolastic\/#primaryimage"},"image":{"@id":"https:\/\/colmef.com\/fr\/prodotto\/giuntolastic\/#primaryimage"},"thumbnailUrl":"https:\/\/colmef.com\/wp-content\/uploads\/2024\/04\/Giuntolastic-famiglia.jpg","datePublished":"2024-04-10T14:50:36+00:00","dateModified":"2024-09-18T14:43:57+00:00","description":"Additivo polimerico liquido da miscelare in sostituzione totale\/parziale dell'acqua di impasto con sigillanti cementizi, per la sigillatura di\u00a0fughe tra piastrelle ceramiche di ogni tipo.","breadcrumb":{"@id":"https:\/\/colmef.com\/fr\/prodotto\/giuntolastic\/#breadcrumb"},"inLanguage":"fr-FR","potentialAction":[{"@type":"ReadAction","target":["https:\/\/colmef.com\/fr\/prodotto\/giuntolastic\/"]}]},{"@type":"ImageObject","inLanguage":"fr-FR","@id":"https:\/\/colmef.com\/fr\/prodotto\/giuntolastic\/#primaryimage","url":"https:\/\/colmef.com\/wp-content\/uploads\/2024\/04\/Giuntolastic-famiglia.jpg","contentUrl":"https:\/\/colmef.com\/wp-content\/uploads\/2024\/04\/Giuntolastic-famiglia.jpg","width":1500,"height":1500},{"@type":"BreadcrumbList","@id":"https:\/\/colmef.com\/fr\/prodotto\/giuntolastic\/#breadcrumb","itemListElement":[{"@type":"ListItem","position":1,"name":"Home","item":"https:\/\/colmef.com\/fr\/"},{"@type":"ListItem","position":2,"name":"Produits","item":"https:\/\/colmef.com\/fr\/produits\/"},{"@type":"ListItem","position":3,"name":"Giuntolastic"}]},{"@type":"WebSite","@id":"https:\/\/colmef.com\/fr\/#website","url":"https:\/\/colmef.com\/fr\/","name":"Colmef","description":"Building Better","potentialAction":[{"@type":"SearchAction","target":{"@type":"EntryPoint","urlTemplate":"https:\/\/colmef.com\/fr\/?s={search_term_string}"},"query-input":{"@type":"PropertyValueSpecification","valueRequired":true,"valueName":"search_term_string"}}],"inLanguage":"fr-FR"}]}},"_links":{"self":[{"href":"https:\/\/colmef.com\/fr\/wp-json\/wp\/v2\/product\/1670","targetHints":{"allow":["GET"]}}],"collection":[{"href":"https:\/\/colmef.com\/fr\/wp-json\/wp\/v2\/product"}],"about":[{"href":"https:\/\/colmef.com\/fr\/wp-json\/wp\/v2\/types\/product"}],"wp:featuredmedia":[{"embeddable":true,"href":"https:\/\/colmef.com\/fr\/wp-json\/wp\/v2\/media\/189"}],"wp:attachment":[{"href":"https:\/\/colmef.com\/fr\/wp-json\/wp\/v2\/media?parent=1670"}],"wp:term":[{"taxonomy":"product_brand","embeddable":true,"href":"https:\/\/colmef.com\/fr\/wp-json\/wp\/v2\/product_brand?post=1670"},{"taxonomy":"product_cat","embeddable":true,"href":"https:\/\/colmef.com\/fr\/wp-json\/wp\/v2\/product_cat?post=1670"},{"taxonomy":"product_tag","embeddable":true,"href":"https:\/\/colmef.com\/fr\/wp-json\/wp\/v2\/product_tag?post=1670"}],"curies":[{"name":"wp","href":"https:\/\/api.w.org\/{rel}","templated":true}]}}