{"id":1653,"date":"2024-04-10T14:50:33","date_gmt":"2024-04-10T14:50:33","guid":{"rendered":"https:\/\/colmef.com\/prodotto\/elastogum-scudotech-2\/"},"modified":"2024-09-17T13:33:56","modified_gmt":"2024-09-17T13:33:56","slug":"elastogum-scudotech","status":"publish","type":"product","link":"https:\/\/colmef.com\/fr\/prodotto\/elastogum-scudotech\/","title":{"rendered":"Elastogum Scudotech"},"content":{"rendered":"<p class=\"p1\">Imperm\u00e9abilisation flexible et \u00e0 \u00e9lasticit\u00e9 permanente des salles de bains, cabines de douche, saunas, buanderies, pi\u00e8ces humides, balcons, cuisines, terrasses avant la pose de rev\u00eatements c\u00e9ramiques, sur des nouveaux supports, ainsi qu&rsquo;en superposition sur d&rsquo;anciens sols; protection ou entretien d&rsquo;anciennes imperm\u00e9abilisations en superposition sur sols existants, sans d\u00e9molition.<\/p>\n","protected":false},"excerpt":{"rendered":"<p class=\"p1\">Membrane imperm\u00e9abilisante technologique liquide pr\u00eate \u00e0 l&#8217;emploi, facile \u00e0 appliquer, en horizontal et en vertical, \u00e0 s\u00e9chage rapide, respirante, \u00e0 adh\u00e9rence \u00e9lev\u00e9e. Sur les grandes surfaces ou les supports endommag\u00e9s, interposer ARMOFLEX 160 comme armature de renfort. Utilisation \u00e0 l&rsquo;int\u00e9rieur et \u00e0 l&rsquo;ext\u00e9rieur. Pour utilisation professionnelle.<\/p>\n<p align=\"justify\"><strong>DONN\u00c9ES TECHNIQUES<\/strong><\/p>\n<p class=\"p1\"><span class=\"s2\"><strong>\u203a Rendement:<\/strong> 1 kg\/m2<br \/>\n<strong>\u203a Application:<\/strong> pinceau, rouleau, spatule lisse<br \/>\n<\/span><strong><span class=\"s2\">\u203a Couleur:<\/span><\/strong><span class=\"s4\"> vert<br \/>\n<\/span><strong><span class=\"s2\">\u203a Emballage:<\/span><\/strong><span class=\"s4\"> seau 7 \/ 15 kg<\/span><\/p>\n<p class=\"p1\"><img decoding=\"async\" class=\"alignnone size-full wp-image-2645\" src=\"https:\/\/colmef.com\/wp-content\/uploads\/2024\/04\/1504-2.jpg\" alt=\"\" width=\"124\" height=\"124\" srcset=\"https:\/\/colmef.com\/wp-content\/uploads\/2024\/04\/1504-2-50x50.jpg 50w, https:\/\/colmef.com\/wp-content\/uploads\/2024\/04\/1504-2-66x66.jpg 66w, https:\/\/colmef.com\/wp-content\/uploads\/2024\/04\/1504-2.jpg 124w\" sizes=\"(max-width: 124px) 100vw, 124px\" \/> <img decoding=\"async\" class=\"alignnone size-full wp-image-2648\" src=\"https:\/\/colmef.com\/wp-content\/uploads\/2024\/04\/PI-MC-IR.jpg\" alt=\"\" width=\"124\" height=\"124\" srcset=\"https:\/\/colmef.com\/wp-content\/uploads\/2024\/04\/PI-MC-IR-50x50.jpg 50w, https:\/\/colmef.com\/wp-content\/uploads\/2024\/04\/PI-MC-IR-66x66.jpg 66w, https:\/\/colmef.com\/wp-content\/uploads\/2024\/04\/PI-MC-IR.jpg 124w\" sizes=\"(max-width: 124px) 100vw, 124px\" \/> <img decoding=\"async\" class=\"alignnone size-full wp-image-2642\" src=\"https:\/\/colmef.com\/wp-content\/uploads\/2024\/04\/14891.jpg\" alt=\"\" width=\"124\" height=\"124\" srcset=\"https:\/\/colmef.com\/wp-content\/uploads\/2024\/04\/14891-50x50.jpg 50w, https:\/\/colmef.com\/wp-content\/uploads\/2024\/04\/14891-66x66.jpg 66w, https:\/\/colmef.com\/wp-content\/uploads\/2024\/04\/14891.jpg 124w\" sizes=\"(max-width: 124px) 100vw, 124px\" \/> <img decoding=\"async\" class=\"alignnone size-full wp-image-2663\" src=\"https:\/\/colmef.com\/wp-content\/uploads\/2024\/04\/DM01.jpg\" alt=\"\" width=\"124\" height=\"124\" srcset=\"https:\/\/colmef.com\/wp-content\/uploads\/2024\/04\/DM01-50x50.jpg 50w, https:\/\/colmef.com\/wp-content\/uploads\/2024\/04\/DM01-66x66.jpg 66w, https:\/\/colmef.com\/wp-content\/uploads\/2024\/04\/DM01.jpg 124w\" sizes=\"(max-width: 124px) 100vw, 124px\" \/><\/p>\n","protected":false},"featured_media":262,"template":"","meta":{"_acf_changed":false},"product_brand":[],"product_cat":[1727],"product_tag":[],"class_list":{"0":"post-1653","1":"product","2":"type-product","3":"status-publish","4":"has-post-thumbnail","6":"product_cat-produits-impermeabilisants-et-protecteurs","8":"first","9":"instock","10":"shipping-taxable","11":"product-type-simple"},"acf":[],"yoast_head":"<!-- This site is optimized with the Yoast SEO plugin v25.3.1 - https:\/\/yoast.com\/wordpress\/plugins\/seo\/ -->\n<title>Elastogum Scudotech - Colmef<\/title>\n<meta name=\"description\" content=\"Membrana tecnologica liquida pronta all\u2019uso, ad asciugamento rapido,\u00a0per l\u2019impermeabilizzazione di sottofondi cementizi e per la protezione di superfici in calcestruzzo.\" \/>\n<meta name=\"robots\" content=\"index, follow, max-snippet:-1, max-image-preview:large, max-video-preview:-1\" \/>\n<link rel=\"canonical\" href=\"https:\/\/colmef.com\/fr\/prodotto\/elastogum-scudotech\/\" \/>\n<meta property=\"og:locale\" content=\"fr_FR\" \/>\n<meta property=\"og:type\" content=\"article\" \/>\n<meta property=\"og:title\" content=\"Elastogum Scudotech - Colmef\" \/>\n<meta property=\"og:description\" content=\"Membrana tecnologica liquida pronta all\u2019uso, ad asciugamento rapido,\u00a0per l\u2019impermeabilizzazione di sottofondi cementizi e per la protezione di superfici in calcestruzzo.\" \/>\n<meta property=\"og:url\" content=\"https:\/\/colmef.com\/fr\/prodotto\/elastogum-scudotech\/\" \/>\n<meta property=\"og:site_name\" content=\"Colmef\" \/>\n<meta property=\"article:modified_time\" content=\"2024-09-17T13:33:56+00:00\" \/>\n<meta property=\"og:image\" content=\"https:\/\/colmef.com\/wp-content\/uploads\/2024\/04\/Elastogum-Scudotech.jpg\" \/>\n\t<meta property=\"og:image:width\" content=\"1500\" \/>\n\t<meta property=\"og:image:height\" content=\"1500\" \/>\n\t<meta property=\"og:image:type\" content=\"image\/jpeg\" \/>\n<meta name=\"twitter:card\" content=\"summary_large_image\" \/>\n<meta name=\"twitter:label1\" content=\"Dur\u00e9e de lecture estim\u00e9e\" \/>\n\t<meta name=\"twitter:data1\" content=\"1 minute\" \/>\n<script type=\"application\/ld+json\" class=\"yoast-schema-graph\">{\"@context\":\"https:\/\/schema.org\",\"@graph\":[{\"@type\":\"WebPage\",\"@id\":\"https:\/\/colmef.com\/fr\/prodotto\/elastogum-scudotech\/\",\"url\":\"https:\/\/colmef.com\/fr\/prodotto\/elastogum-scudotech\/\",\"name\":\"Elastogum Scudotech - Colmef\",\"isPartOf\":{\"@id\":\"https:\/\/colmef.com\/fr\/#website\"},\"primaryImageOfPage\":{\"@id\":\"https:\/\/colmef.com\/fr\/prodotto\/elastogum-scudotech\/#primaryimage\"},\"image\":{\"@id\":\"https:\/\/colmef.com\/fr\/prodotto\/elastogum-scudotech\/#primaryimage\"},\"thumbnailUrl\":\"https:\/\/colmef.com\/wp-content\/uploads\/2024\/04\/Elastogum-Scudotech.jpg\",\"datePublished\":\"2024-04-10T14:50:33+00:00\",\"dateModified\":\"2024-09-17T13:33:56+00:00\",\"description\":\"Membrana tecnologica liquida pronta all\u2019uso, ad asciugamento rapido,\u00a0per l\u2019impermeabilizzazione di sottofondi cementizi e per la protezione di superfici in calcestruzzo.\",\"breadcrumb\":{\"@id\":\"https:\/\/colmef.com\/fr\/prodotto\/elastogum-scudotech\/#breadcrumb\"},\"inLanguage\":\"fr-FR\",\"potentialAction\":[{\"@type\":\"ReadAction\",\"target\":[\"https:\/\/colmef.com\/fr\/prodotto\/elastogum-scudotech\/\"]}]},{\"@type\":\"ImageObject\",\"inLanguage\":\"fr-FR\",\"@id\":\"https:\/\/colmef.com\/fr\/prodotto\/elastogum-scudotech\/#primaryimage\",\"url\":\"https:\/\/colmef.com\/wp-content\/uploads\/2024\/04\/Elastogum-Scudotech.jpg\",\"contentUrl\":\"https:\/\/colmef.com\/wp-content\/uploads\/2024\/04\/Elastogum-Scudotech.jpg\",\"width\":1500,\"height\":1500},{\"@type\":\"BreadcrumbList\",\"@id\":\"https:\/\/colmef.com\/fr\/prodotto\/elastogum-scudotech\/#breadcrumb\",\"itemListElement\":[{\"@type\":\"ListItem\",\"position\":1,\"name\":\"Home\",\"item\":\"https:\/\/colmef.com\/fr\/\"},{\"@type\":\"ListItem\",\"position\":2,\"name\":\"Produits\",\"item\":\"https:\/\/colmef.com\/fr\/produits\/\"},{\"@type\":\"ListItem\",\"position\":3,\"name\":\"Elastogum Scudotech\"}]},{\"@type\":\"WebSite\",\"@id\":\"https:\/\/colmef.com\/fr\/#website\",\"url\":\"https:\/\/colmef.com\/fr\/\",\"name\":\"Colmef\",\"description\":\"Building Better\",\"potentialAction\":[{\"@type\":\"SearchAction\",\"target\":{\"@type\":\"EntryPoint\",\"urlTemplate\":\"https:\/\/colmef.com\/fr\/?s={search_term_string}\"},\"query-input\":{\"@type\":\"PropertyValueSpecification\",\"valueRequired\":true,\"valueName\":\"search_term_string\"}}],\"inLanguage\":\"fr-FR\"}]}<\/script>\n<!-- \/ Yoast SEO plugin. -->","yoast_head_json":{"title":"Elastogum Scudotech - Colmef","description":"Membrana tecnologica liquida pronta all\u2019uso, ad asciugamento rapido,\u00a0per l\u2019impermeabilizzazione di sottofondi cementizi e per la protezione di superfici in calcestruzzo.","robots":{"index":"index","follow":"follow","max-snippet":"max-snippet:-1","max-image-preview":"max-image-preview:large","max-video-preview":"max-video-preview:-1"},"canonical":"https:\/\/colmef.com\/fr\/prodotto\/elastogum-scudotech\/","og_locale":"fr_FR","og_type":"article","og_title":"Elastogum Scudotech - Colmef","og_description":"Membrana tecnologica liquida pronta all\u2019uso, ad asciugamento rapido,\u00a0per l\u2019impermeabilizzazione di sottofondi cementizi e per la protezione di superfici in calcestruzzo.","og_url":"https:\/\/colmef.com\/fr\/prodotto\/elastogum-scudotech\/","og_site_name":"Colmef","article_modified_time":"2024-09-17T13:33:56+00:00","og_image":[{"width":1500,"height":1500,"url":"https:\/\/colmef.com\/wp-content\/uploads\/2024\/04\/Elastogum-Scudotech.jpg","type":"image\/jpeg"}],"twitter_card":"summary_large_image","twitter_misc":{"Dur\u00e9e de lecture estim\u00e9e":"1 minute"},"schema":{"@context":"https:\/\/schema.org","@graph":[{"@type":"WebPage","@id":"https:\/\/colmef.com\/fr\/prodotto\/elastogum-scudotech\/","url":"https:\/\/colmef.com\/fr\/prodotto\/elastogum-scudotech\/","name":"Elastogum Scudotech - Colmef","isPartOf":{"@id":"https:\/\/colmef.com\/fr\/#website"},"primaryImageOfPage":{"@id":"https:\/\/colmef.com\/fr\/prodotto\/elastogum-scudotech\/#primaryimage"},"image":{"@id":"https:\/\/colmef.com\/fr\/prodotto\/elastogum-scudotech\/#primaryimage"},"thumbnailUrl":"https:\/\/colmef.com\/wp-content\/uploads\/2024\/04\/Elastogum-Scudotech.jpg","datePublished":"2024-04-10T14:50:33+00:00","dateModified":"2024-09-17T13:33:56+00:00","description":"Membrana tecnologica liquida pronta all\u2019uso, ad asciugamento rapido,\u00a0per l\u2019impermeabilizzazione di sottofondi cementizi e per la protezione di superfici in calcestruzzo.","breadcrumb":{"@id":"https:\/\/colmef.com\/fr\/prodotto\/elastogum-scudotech\/#breadcrumb"},"inLanguage":"fr-FR","potentialAction":[{"@type":"ReadAction","target":["https:\/\/colmef.com\/fr\/prodotto\/elastogum-scudotech\/"]}]},{"@type":"ImageObject","inLanguage":"fr-FR","@id":"https:\/\/colmef.com\/fr\/prodotto\/elastogum-scudotech\/#primaryimage","url":"https:\/\/colmef.com\/wp-content\/uploads\/2024\/04\/Elastogum-Scudotech.jpg","contentUrl":"https:\/\/colmef.com\/wp-content\/uploads\/2024\/04\/Elastogum-Scudotech.jpg","width":1500,"height":1500},{"@type":"BreadcrumbList","@id":"https:\/\/colmef.com\/fr\/prodotto\/elastogum-scudotech\/#breadcrumb","itemListElement":[{"@type":"ListItem","position":1,"name":"Home","item":"https:\/\/colmef.com\/fr\/"},{"@type":"ListItem","position":2,"name":"Produits","item":"https:\/\/colmef.com\/fr\/produits\/"},{"@type":"ListItem","position":3,"name":"Elastogum Scudotech"}]},{"@type":"WebSite","@id":"https:\/\/colmef.com\/fr\/#website","url":"https:\/\/colmef.com\/fr\/","name":"Colmef","description":"Building Better","potentialAction":[{"@type":"SearchAction","target":{"@type":"EntryPoint","urlTemplate":"https:\/\/colmef.com\/fr\/?s={search_term_string}"},"query-input":{"@type":"PropertyValueSpecification","valueRequired":true,"valueName":"search_term_string"}}],"inLanguage":"fr-FR"}]}},"_links":{"self":[{"href":"https:\/\/colmef.com\/fr\/wp-json\/wp\/v2\/product\/1653","targetHints":{"allow":["GET"]}}],"collection":[{"href":"https:\/\/colmef.com\/fr\/wp-json\/wp\/v2\/product"}],"about":[{"href":"https:\/\/colmef.com\/fr\/wp-json\/wp\/v2\/types\/product"}],"wp:featuredmedia":[{"embeddable":true,"href":"https:\/\/colmef.com\/fr\/wp-json\/wp\/v2\/media\/262"}],"wp:attachment":[{"href":"https:\/\/colmef.com\/fr\/wp-json\/wp\/v2\/media?parent=1653"}],"wp:term":[{"taxonomy":"product_brand","embeddable":true,"href":"https:\/\/colmef.com\/fr\/wp-json\/wp\/v2\/product_brand?post=1653"},{"taxonomy":"product_cat","embeddable":true,"href":"https:\/\/colmef.com\/fr\/wp-json\/wp\/v2\/product_cat?post=1653"},{"taxonomy":"product_tag","embeddable":true,"href":"https:\/\/colmef.com\/fr\/wp-json\/wp\/v2\/product_tag?post=1653"}],"curies":[{"name":"wp","href":"https:\/\/api.w.org\/{rel}","templated":true}]}}