{"id":1651,"date":"2024-04-10T14:50:33","date_gmt":"2024-04-10T14:50:33","guid":{"rendered":"https:\/\/colmef.com\/prodotto\/elastogum-kit-2\/"},"modified":"2024-09-17T13:29:28","modified_gmt":"2024-09-17T13:29:28","slug":"elastogum-kit","status":"publish","type":"product","link":"https:\/\/colmef.com\/fr\/prodotto\/elastogum-kit\/","title":{"rendered":"Elastogum Kit"},"content":{"rendered":"<p class=\"p1\">Impermeabilizzazione di bagni, box doccia, saune, lavanderie, ambienti umidi, balconi, cucine, terrazze, prima della posa di pavimentazioni ceramiche, sia su nuovi supporti che in sovrapposizione a vecchie pavimentazioni; impermeabilizzazione e protezione di strutture in calcestruzzo a vista, converse di camini, canali di gronda, coperture; protezione o manutenzione di vecchie impermeabilizzazioni; impermeabilizzazione e protezione di strutture in fibrocemento.<\/p>\n","protected":false},"excerpt":{"rendered":"<p class=\"p1\">Kit pour imperm\u00e9abiliser des cabines de douche, salles de bains, cuisines avant la pose de carreaux c\u00e9ramiques aussi bien au sol que pour rev\u00eatement avec des colles d\u00e9formables. Pour utilisation professionnelle.<\/p>\n<p><strong>COMPOSITION DU KIT:<br \/>\n<\/strong><\/p>\n<p><strong>ELASTOGUM <\/strong>gris\u00a0&#8211; 5 kg<br \/>\n<strong>G-TEX Strip H15<\/strong> &#8211; 5 m<br \/>\n<strong>PRIMER A16<\/strong> &#8211; 1 kg<br \/>\n<strong>PINCEAU<\/strong> &#8211; 1 pz<\/p>\n","protected":false},"featured_media":250,"template":"","meta":{"_acf_changed":false},"product_brand":[],"product_cat":[1727],"product_tag":[],"class_list":{"0":"post-1651","1":"product","2":"type-product","3":"status-publish","4":"has-post-thumbnail","6":"product_cat-produits-impermeabilisants-et-protecteurs","8":"first","9":"instock","10":"shipping-taxable","11":"product-type-simple"},"acf":[],"yoast_head":"<!-- This site is optimized with the Yoast SEO plugin v25.3.1 - https:\/\/yoast.com\/wordpress\/plugins\/seo\/ -->\n<title>Elastogum Kit - Colmef<\/title>\n<meta name=\"description\" content=\"Kit per l\u2019impermeabilizzazione di box doccia, bagni, cucine, prima della posa di piastrelle ceramiche sia a pavimento che a rivestimento.\" \/>\n<meta name=\"robots\" content=\"index, follow, max-snippet:-1, max-image-preview:large, max-video-preview:-1\" \/>\n<link rel=\"canonical\" href=\"https:\/\/colmef.com\/fr\/prodotto\/elastogum-kit\/\" \/>\n<meta property=\"og:locale\" content=\"fr_FR\" \/>\n<meta property=\"og:type\" content=\"article\" \/>\n<meta property=\"og:title\" content=\"Elastogum Kit - Colmef\" \/>\n<meta property=\"og:description\" content=\"Kit per l\u2019impermeabilizzazione di box doccia, bagni, cucine, prima della posa di piastrelle ceramiche sia a pavimento che a rivestimento.\" \/>\n<meta property=\"og:url\" content=\"https:\/\/colmef.com\/fr\/prodotto\/elastogum-kit\/\" \/>\n<meta property=\"og:site_name\" content=\"Colmef\" \/>\n<meta property=\"article:modified_time\" content=\"2024-09-17T13:29:28+00:00\" \/>\n<meta property=\"og:image\" content=\"https:\/\/colmef.com\/wp-content\/uploads\/2024\/04\/Elastogum-Kit.png\" \/>\n\t<meta property=\"og:image:width\" content=\"1500\" \/>\n\t<meta property=\"og:image:height\" content=\"1500\" \/>\n\t<meta property=\"og:image:type\" content=\"image\/png\" \/>\n<meta name=\"twitter:card\" content=\"summary_large_image\" \/>\n<meta name=\"twitter:label1\" content=\"Dur\u00e9e de lecture estim\u00e9e\" \/>\n\t<meta name=\"twitter:data1\" content=\"1 minute\" \/>\n<script type=\"application\/ld+json\" class=\"yoast-schema-graph\">{\"@context\":\"https:\/\/schema.org\",\"@graph\":[{\"@type\":\"WebPage\",\"@id\":\"https:\/\/colmef.com\/fr\/prodotto\/elastogum-kit\/\",\"url\":\"https:\/\/colmef.com\/fr\/prodotto\/elastogum-kit\/\",\"name\":\"Elastogum Kit - Colmef\",\"isPartOf\":{\"@id\":\"https:\/\/colmef.com\/fr\/#website\"},\"primaryImageOfPage\":{\"@id\":\"https:\/\/colmef.com\/fr\/prodotto\/elastogum-kit\/#primaryimage\"},\"image\":{\"@id\":\"https:\/\/colmef.com\/fr\/prodotto\/elastogum-kit\/#primaryimage\"},\"thumbnailUrl\":\"https:\/\/colmef.com\/wp-content\/uploads\/2024\/04\/Elastogum-Kit.png\",\"datePublished\":\"2024-04-10T14:50:33+00:00\",\"dateModified\":\"2024-09-17T13:29:28+00:00\",\"description\":\"Kit per l\u2019impermeabilizzazione di box doccia, bagni, cucine, prima della posa di piastrelle ceramiche sia a pavimento che a rivestimento.\",\"breadcrumb\":{\"@id\":\"https:\/\/colmef.com\/fr\/prodotto\/elastogum-kit\/#breadcrumb\"},\"inLanguage\":\"fr-FR\",\"potentialAction\":[{\"@type\":\"ReadAction\",\"target\":[\"https:\/\/colmef.com\/fr\/prodotto\/elastogum-kit\/\"]}]},{\"@type\":\"ImageObject\",\"inLanguage\":\"fr-FR\",\"@id\":\"https:\/\/colmef.com\/fr\/prodotto\/elastogum-kit\/#primaryimage\",\"url\":\"https:\/\/colmef.com\/wp-content\/uploads\/2024\/04\/Elastogum-Kit.png\",\"contentUrl\":\"https:\/\/colmef.com\/wp-content\/uploads\/2024\/04\/Elastogum-Kit.png\",\"width\":1500,\"height\":1500},{\"@type\":\"BreadcrumbList\",\"@id\":\"https:\/\/colmef.com\/fr\/prodotto\/elastogum-kit\/#breadcrumb\",\"itemListElement\":[{\"@type\":\"ListItem\",\"position\":1,\"name\":\"Home\",\"item\":\"https:\/\/colmef.com\/fr\/\"},{\"@type\":\"ListItem\",\"position\":2,\"name\":\"Produits\",\"item\":\"https:\/\/colmef.com\/fr\/produits\/\"},{\"@type\":\"ListItem\",\"position\":3,\"name\":\"Elastogum Kit\"}]},{\"@type\":\"WebSite\",\"@id\":\"https:\/\/colmef.com\/fr\/#website\",\"url\":\"https:\/\/colmef.com\/fr\/\",\"name\":\"Colmef\",\"description\":\"Building Better\",\"potentialAction\":[{\"@type\":\"SearchAction\",\"target\":{\"@type\":\"EntryPoint\",\"urlTemplate\":\"https:\/\/colmef.com\/fr\/?s={search_term_string}\"},\"query-input\":{\"@type\":\"PropertyValueSpecification\",\"valueRequired\":true,\"valueName\":\"search_term_string\"}}],\"inLanguage\":\"fr-FR\"}]}<\/script>\n<!-- \/ Yoast SEO plugin. -->","yoast_head_json":{"title":"Elastogum Kit - Colmef","description":"Kit per l\u2019impermeabilizzazione di box doccia, bagni, cucine, prima della posa di piastrelle ceramiche sia a pavimento che a rivestimento.","robots":{"index":"index","follow":"follow","max-snippet":"max-snippet:-1","max-image-preview":"max-image-preview:large","max-video-preview":"max-video-preview:-1"},"canonical":"https:\/\/colmef.com\/fr\/prodotto\/elastogum-kit\/","og_locale":"fr_FR","og_type":"article","og_title":"Elastogum Kit - Colmef","og_description":"Kit per l\u2019impermeabilizzazione di box doccia, bagni, cucine, prima della posa di piastrelle ceramiche sia a pavimento che a rivestimento.","og_url":"https:\/\/colmef.com\/fr\/prodotto\/elastogum-kit\/","og_site_name":"Colmef","article_modified_time":"2024-09-17T13:29:28+00:00","og_image":[{"width":1500,"height":1500,"url":"https:\/\/colmef.com\/wp-content\/uploads\/2024\/04\/Elastogum-Kit.png","type":"image\/png"}],"twitter_card":"summary_large_image","twitter_misc":{"Dur\u00e9e de lecture estim\u00e9e":"1 minute"},"schema":{"@context":"https:\/\/schema.org","@graph":[{"@type":"WebPage","@id":"https:\/\/colmef.com\/fr\/prodotto\/elastogum-kit\/","url":"https:\/\/colmef.com\/fr\/prodotto\/elastogum-kit\/","name":"Elastogum Kit - Colmef","isPartOf":{"@id":"https:\/\/colmef.com\/fr\/#website"},"primaryImageOfPage":{"@id":"https:\/\/colmef.com\/fr\/prodotto\/elastogum-kit\/#primaryimage"},"image":{"@id":"https:\/\/colmef.com\/fr\/prodotto\/elastogum-kit\/#primaryimage"},"thumbnailUrl":"https:\/\/colmef.com\/wp-content\/uploads\/2024\/04\/Elastogum-Kit.png","datePublished":"2024-04-10T14:50:33+00:00","dateModified":"2024-09-17T13:29:28+00:00","description":"Kit per l\u2019impermeabilizzazione di box doccia, bagni, cucine, prima della posa di piastrelle ceramiche sia a pavimento che a rivestimento.","breadcrumb":{"@id":"https:\/\/colmef.com\/fr\/prodotto\/elastogum-kit\/#breadcrumb"},"inLanguage":"fr-FR","potentialAction":[{"@type":"ReadAction","target":["https:\/\/colmef.com\/fr\/prodotto\/elastogum-kit\/"]}]},{"@type":"ImageObject","inLanguage":"fr-FR","@id":"https:\/\/colmef.com\/fr\/prodotto\/elastogum-kit\/#primaryimage","url":"https:\/\/colmef.com\/wp-content\/uploads\/2024\/04\/Elastogum-Kit.png","contentUrl":"https:\/\/colmef.com\/wp-content\/uploads\/2024\/04\/Elastogum-Kit.png","width":1500,"height":1500},{"@type":"BreadcrumbList","@id":"https:\/\/colmef.com\/fr\/prodotto\/elastogum-kit\/#breadcrumb","itemListElement":[{"@type":"ListItem","position":1,"name":"Home","item":"https:\/\/colmef.com\/fr\/"},{"@type":"ListItem","position":2,"name":"Produits","item":"https:\/\/colmef.com\/fr\/produits\/"},{"@type":"ListItem","position":3,"name":"Elastogum Kit"}]},{"@type":"WebSite","@id":"https:\/\/colmef.com\/fr\/#website","url":"https:\/\/colmef.com\/fr\/","name":"Colmef","description":"Building Better","potentialAction":[{"@type":"SearchAction","target":{"@type":"EntryPoint","urlTemplate":"https:\/\/colmef.com\/fr\/?s={search_term_string}"},"query-input":{"@type":"PropertyValueSpecification","valueRequired":true,"valueName":"search_term_string"}}],"inLanguage":"fr-FR"}]}},"_links":{"self":[{"href":"https:\/\/colmef.com\/fr\/wp-json\/wp\/v2\/product\/1651","targetHints":{"allow":["GET"]}}],"collection":[{"href":"https:\/\/colmef.com\/fr\/wp-json\/wp\/v2\/product"}],"about":[{"href":"https:\/\/colmef.com\/fr\/wp-json\/wp\/v2\/types\/product"}],"wp:featuredmedia":[{"embeddable":true,"href":"https:\/\/colmef.com\/fr\/wp-json\/wp\/v2\/media\/250"}],"wp:attachment":[{"href":"https:\/\/colmef.com\/fr\/wp-json\/wp\/v2\/media?parent=1651"}],"wp:term":[{"taxonomy":"product_brand","embeddable":true,"href":"https:\/\/colmef.com\/fr\/wp-json\/wp\/v2\/product_brand?post=1651"},{"taxonomy":"product_cat","embeddable":true,"href":"https:\/\/colmef.com\/fr\/wp-json\/wp\/v2\/product_cat?post=1651"},{"taxonomy":"product_tag","embeddable":true,"href":"https:\/\/colmef.com\/fr\/wp-json\/wp\/v2\/product_tag?post=1651"}],"curies":[{"name":"wp","href":"https:\/\/api.w.org\/{rel}","templated":true}]}}