{"id":1593,"date":"2024-04-10T14:50:34","date_gmt":"2024-04-10T14:50:34","guid":{"rendered":"https:\/\/colmef.com\/prodotto\/armoflex-130-2\/"},"modified":"2024-10-17T14:05:39","modified_gmt":"2024-10-17T14:05:39","slug":"armoflex-150-160","status":"publish","type":"product","link":"https:\/\/colmef.com\/fr\/prodotto\/armoflex-150-160\/","title":{"rendered":"Armoflex 150\/160"},"content":{"rendered":"<p class=\"p1\">Armature de renfort dans les syst\u00e8mes d&rsquo;imperm\u00e9abilisation et de protection du b\u00e9ton avec la membrane \u00e9lastocimentaire IDROLASTIC (A+B) ou IDROLASTIC MONOFLEX; armature de renfort pour la r\u00e9alisation de lissages renforc\u00e9s avec les produits de lissage arm\u00e9s \u00e0 base de ciment de la ligne RASOTECH; armature de renfort de lissages \u00e0 base de ciment dans les syst\u00e8mes thermo-isolants avec adh\u00e9sifs lissants de la ligne ISOTHERM.<\/p>\n","protected":false},"excerpt":{"rendered":"<p class=\"p1\">Treillis technologique en fibre de verre r\u00e9sistant aux alcalis. Utilisation \u00e0 l&rsquo;int\u00e9rieur et \u00e0 l&rsquo;ext\u00e9rieur. Pour utilisation professionnelle.<\/p>\n<p align=\"justify\"><strong>DONN\u00c9ES TECHNIQUES<\/strong><\/p>\n<p class=\"p1\"><strong>\u203a Poids:<\/strong> 160 g\/m\u00b2<br \/>\n<strong>\u203a Emballage:<\/strong> rouleau de 50 m\u00b2<br \/>\n<strong>\u203a Largeur de la maille:<\/strong> 4&#215;4 mm<\/p>\n<p>&nbsp;<\/p>\n","protected":false},"featured_media":241,"template":"","meta":{"_acf_changed":false},"product_brand":[],"product_cat":[1774],"product_tag":[],"class_list":{"0":"post-1593","1":"product","2":"type-product","3":"status-publish","4":"has-post-thumbnail","6":"product_cat-sistema-isotherm-fr","8":"first","9":"instock","10":"shipping-taxable","11":"product-type-simple"},"acf":[],"yoast_head":"<!-- This site is optimized with the Yoast SEO plugin v25.3.1 - https:\/\/yoast.com\/wordpress\/plugins\/seo\/ -->\n<title>Armoflex 150\/160 - Colmef<\/title>\n<meta name=\"description\" content=\"Rete tecnologica in fibra di vetro da utilizzare come armatura di rinforzo per rasature cementizie e nei sistemi di impermeabilizzazione e protezione del calcestruzzo.\" \/>\n<meta name=\"robots\" content=\"index, follow, max-snippet:-1, max-image-preview:large, max-video-preview:-1\" \/>\n<link rel=\"canonical\" href=\"https:\/\/colmef.com\/fr\/prodotto\/armoflex-150-160\/\" \/>\n<meta property=\"og:locale\" content=\"fr_FR\" \/>\n<meta property=\"og:type\" content=\"article\" \/>\n<meta property=\"og:title\" content=\"Armoflex 150\/160 - Colmef\" \/>\n<meta property=\"og:description\" content=\"Rete tecnologica in fibra di vetro da utilizzare come armatura di rinforzo per rasature cementizie e nei sistemi di impermeabilizzazione e protezione del calcestruzzo.\" \/>\n<meta property=\"og:url\" content=\"https:\/\/colmef.com\/fr\/prodotto\/armoflex-150-160\/\" \/>\n<meta property=\"og:site_name\" content=\"Colmef\" \/>\n<meta property=\"article:modified_time\" content=\"2024-10-17T14:05:39+00:00\" \/>\n<meta property=\"og:image\" content=\"https:\/\/colmef.com\/wp-content\/uploads\/2024\/04\/Armoflex-130.jpg\" \/>\n\t<meta property=\"og:image:width\" content=\"1500\" \/>\n\t<meta property=\"og:image:height\" content=\"1500\" \/>\n\t<meta property=\"og:image:type\" content=\"image\/jpeg\" \/>\n<meta name=\"twitter:card\" content=\"summary_large_image\" \/>\n<meta name=\"twitter:label1\" content=\"Dur\u00e9e de lecture estim\u00e9e\" \/>\n\t<meta name=\"twitter:data1\" content=\"1 minute\" \/>\n<script type=\"application\/ld+json\" class=\"yoast-schema-graph\">{\"@context\":\"https:\/\/schema.org\",\"@graph\":[{\"@type\":\"WebPage\",\"@id\":\"https:\/\/colmef.com\/fr\/prodotto\/armoflex-150-160\/\",\"url\":\"https:\/\/colmef.com\/fr\/prodotto\/armoflex-150-160\/\",\"name\":\"Armoflex 150\/160 - Colmef\",\"isPartOf\":{\"@id\":\"https:\/\/colmef.com\/fr\/#website\"},\"primaryImageOfPage\":{\"@id\":\"https:\/\/colmef.com\/fr\/prodotto\/armoflex-150-160\/#primaryimage\"},\"image\":{\"@id\":\"https:\/\/colmef.com\/fr\/prodotto\/armoflex-150-160\/#primaryimage\"},\"thumbnailUrl\":\"https:\/\/colmef.com\/wp-content\/uploads\/2024\/04\/Armoflex-130.jpg\",\"datePublished\":\"2024-04-10T14:50:34+00:00\",\"dateModified\":\"2024-10-17T14:05:39+00:00\",\"description\":\"Rete tecnologica in fibra di vetro da utilizzare come armatura di rinforzo per rasature cementizie e nei sistemi di impermeabilizzazione e protezione del calcestruzzo.\",\"breadcrumb\":{\"@id\":\"https:\/\/colmef.com\/fr\/prodotto\/armoflex-150-160\/#breadcrumb\"},\"inLanguage\":\"fr-FR\",\"potentialAction\":[{\"@type\":\"ReadAction\",\"target\":[\"https:\/\/colmef.com\/fr\/prodotto\/armoflex-150-160\/\"]}]},{\"@type\":\"ImageObject\",\"inLanguage\":\"fr-FR\",\"@id\":\"https:\/\/colmef.com\/fr\/prodotto\/armoflex-150-160\/#primaryimage\",\"url\":\"https:\/\/colmef.com\/wp-content\/uploads\/2024\/04\/Armoflex-130.jpg\",\"contentUrl\":\"https:\/\/colmef.com\/wp-content\/uploads\/2024\/04\/Armoflex-130.jpg\",\"width\":1500,\"height\":1500},{\"@type\":\"BreadcrumbList\",\"@id\":\"https:\/\/colmef.com\/fr\/prodotto\/armoflex-150-160\/#breadcrumb\",\"itemListElement\":[{\"@type\":\"ListItem\",\"position\":1,\"name\":\"Home\",\"item\":\"https:\/\/colmef.com\/fr\/\"},{\"@type\":\"ListItem\",\"position\":2,\"name\":\"Produits\",\"item\":\"https:\/\/colmef.com\/fr\/produits\/\"},{\"@type\":\"ListItem\",\"position\":3,\"name\":\"Armoflex 150\/160\"}]},{\"@type\":\"WebSite\",\"@id\":\"https:\/\/colmef.com\/fr\/#website\",\"url\":\"https:\/\/colmef.com\/fr\/\",\"name\":\"Colmef\",\"description\":\"Building Better\",\"potentialAction\":[{\"@type\":\"SearchAction\",\"target\":{\"@type\":\"EntryPoint\",\"urlTemplate\":\"https:\/\/colmef.com\/fr\/?s={search_term_string}\"},\"query-input\":{\"@type\":\"PropertyValueSpecification\",\"valueRequired\":true,\"valueName\":\"search_term_string\"}}],\"inLanguage\":\"fr-FR\"}]}<\/script>\n<!-- \/ Yoast SEO plugin. -->","yoast_head_json":{"title":"Armoflex 150\/160 - Colmef","description":"Rete tecnologica in fibra di vetro da utilizzare come armatura di rinforzo per rasature cementizie e nei sistemi di impermeabilizzazione e protezione del calcestruzzo.","robots":{"index":"index","follow":"follow","max-snippet":"max-snippet:-1","max-image-preview":"max-image-preview:large","max-video-preview":"max-video-preview:-1"},"canonical":"https:\/\/colmef.com\/fr\/prodotto\/armoflex-150-160\/","og_locale":"fr_FR","og_type":"article","og_title":"Armoflex 150\/160 - Colmef","og_description":"Rete tecnologica in fibra di vetro da utilizzare come armatura di rinforzo per rasature cementizie e nei sistemi di impermeabilizzazione e protezione del calcestruzzo.","og_url":"https:\/\/colmef.com\/fr\/prodotto\/armoflex-150-160\/","og_site_name":"Colmef","article_modified_time":"2024-10-17T14:05:39+00:00","og_image":[{"width":1500,"height":1500,"url":"https:\/\/colmef.com\/wp-content\/uploads\/2024\/04\/Armoflex-130.jpg","type":"image\/jpeg"}],"twitter_card":"summary_large_image","twitter_misc":{"Dur\u00e9e de lecture estim\u00e9e":"1 minute"},"schema":{"@context":"https:\/\/schema.org","@graph":[{"@type":"WebPage","@id":"https:\/\/colmef.com\/fr\/prodotto\/armoflex-150-160\/","url":"https:\/\/colmef.com\/fr\/prodotto\/armoflex-150-160\/","name":"Armoflex 150\/160 - Colmef","isPartOf":{"@id":"https:\/\/colmef.com\/fr\/#website"},"primaryImageOfPage":{"@id":"https:\/\/colmef.com\/fr\/prodotto\/armoflex-150-160\/#primaryimage"},"image":{"@id":"https:\/\/colmef.com\/fr\/prodotto\/armoflex-150-160\/#primaryimage"},"thumbnailUrl":"https:\/\/colmef.com\/wp-content\/uploads\/2024\/04\/Armoflex-130.jpg","datePublished":"2024-04-10T14:50:34+00:00","dateModified":"2024-10-17T14:05:39+00:00","description":"Rete tecnologica in fibra di vetro da utilizzare come armatura di rinforzo per rasature cementizie e nei sistemi di impermeabilizzazione e protezione del calcestruzzo.","breadcrumb":{"@id":"https:\/\/colmef.com\/fr\/prodotto\/armoflex-150-160\/#breadcrumb"},"inLanguage":"fr-FR","potentialAction":[{"@type":"ReadAction","target":["https:\/\/colmef.com\/fr\/prodotto\/armoflex-150-160\/"]}]},{"@type":"ImageObject","inLanguage":"fr-FR","@id":"https:\/\/colmef.com\/fr\/prodotto\/armoflex-150-160\/#primaryimage","url":"https:\/\/colmef.com\/wp-content\/uploads\/2024\/04\/Armoflex-130.jpg","contentUrl":"https:\/\/colmef.com\/wp-content\/uploads\/2024\/04\/Armoflex-130.jpg","width":1500,"height":1500},{"@type":"BreadcrumbList","@id":"https:\/\/colmef.com\/fr\/prodotto\/armoflex-150-160\/#breadcrumb","itemListElement":[{"@type":"ListItem","position":1,"name":"Home","item":"https:\/\/colmef.com\/fr\/"},{"@type":"ListItem","position":2,"name":"Produits","item":"https:\/\/colmef.com\/fr\/produits\/"},{"@type":"ListItem","position":3,"name":"Armoflex 150\/160"}]},{"@type":"WebSite","@id":"https:\/\/colmef.com\/fr\/#website","url":"https:\/\/colmef.com\/fr\/","name":"Colmef","description":"Building Better","potentialAction":[{"@type":"SearchAction","target":{"@type":"EntryPoint","urlTemplate":"https:\/\/colmef.com\/fr\/?s={search_term_string}"},"query-input":{"@type":"PropertyValueSpecification","valueRequired":true,"valueName":"search_term_string"}}],"inLanguage":"fr-FR"}]}},"_links":{"self":[{"href":"https:\/\/colmef.com\/fr\/wp-json\/wp\/v2\/product\/1593","targetHints":{"allow":["GET"]}}],"collection":[{"href":"https:\/\/colmef.com\/fr\/wp-json\/wp\/v2\/product"}],"about":[{"href":"https:\/\/colmef.com\/fr\/wp-json\/wp\/v2\/types\/product"}],"wp:featuredmedia":[{"embeddable":true,"href":"https:\/\/colmef.com\/fr\/wp-json\/wp\/v2\/media\/241"}],"wp:attachment":[{"href":"https:\/\/colmef.com\/fr\/wp-json\/wp\/v2\/media?parent=1593"}],"wp:term":[{"taxonomy":"product_brand","embeddable":true,"href":"https:\/\/colmef.com\/fr\/wp-json\/wp\/v2\/product_brand?post=1593"},{"taxonomy":"product_cat","embeddable":true,"href":"https:\/\/colmef.com\/fr\/wp-json\/wp\/v2\/product_cat?post=1593"},{"taxonomy":"product_tag","embeddable":true,"href":"https:\/\/colmef.com\/fr\/wp-json\/wp\/v2\/product_tag?post=1593"}],"curies":[{"name":"wp","href":"https:\/\/api.w.org\/{rel}","templated":true}]}}